{"id":738,"date":"2023-11-07T15:36:17","date_gmt":"2023-11-07T20:36:17","guid":{"rendered":"https:\/\/minimaxexpress.com\/?page_id=738"},"modified":"2023-11-22T11:00:51","modified_gmt":"2023-11-22T16:00:51","slug":"mission-vision-values","status":"publish","type":"page","link":"https:\/\/minimaxexpress.com\/fr\/mission-vision-values\/","title":{"rendered":"Mission, Vision Et Valeurs"},"content":{"rendered":"<p>En tant qu'entreprise, nous r\u00e9sumons nos buts et objectifs dans nos <strong>\u00e9nonc\u00e9s de mission et de vision.<\/strong> Notre <strong>\u00c9nonc\u00e9 de Mission <\/strong>d\u00e9crit ce que nous faisons maintenant, tandis que notre <strong>\u00c9nonc\u00e9 de Vision <\/strong>d\u00e9crit ce que nous voulons devenir \u00e0 l'avenir.<\/p>\n\n\n\n<p class=\"translation-block\"><strong>Les valeurs fondamentales<\/strong> sont ce qui soutient la mission et la vision, et refl\u00e8tent ce qui compte pour Minimax. Elles sont l'essence de ce que nous sommes et de qui nous sommes. Les valeurs nous aident dans notre prise de d\u00e9cision quotidienne. Elles peuvent aussi renseigner les clients et les clients potentiels sur ce qu'est Minimax.<\/p>\n\n\n\n<h3 class=\"wp-block-heading\">\u00c9nonc\u00e9 de Mission<\/h3>\n\n\n\n<p>Chez Minimax Express, notre mission est d'offrir des solutions de transport pour procurer la tranquillit\u00e9 d'esprit et d\u00e9passer les attentes de nos clients, tout en assurant le succ\u00e8s de nos clients, de notre entreprise et de notre \u00e9quipe. Nous continuons \u00e0 m\u00e9riter le respect des clients gr\u00e2ce \u00e0 notre engagement envers des services de transport routier ponctuels et personnalis\u00e9s.&nbsp; &nbsp;<\/p>\n\n\n\n<h3 class=\"wp-block-heading\">\u00c9nonc\u00e9 de Vision<\/h3>\n\n\n\n<p>Alors que nous nous dirigeons vers notre objectif d'\u00eatre le fournisseur de transport de premier plan en Ontario et au Qu\u00e9bec, nous continuerons d'offrir un service \u00e0 la client\u00e8le qui impressionnera nos clients et de fournir un service ponctuel et constant sans incident. Nous maintenons un niveau de rentabilit\u00e9 qui nous permet de r\u00e9investir dans nos employ\u00e9s, notre \u00e9quipement, notre technologie, notre durabilit\u00e9 et notre r\u00e9seau de centres de service.&nbsp;<\/p>\n\n\n\n<h3 class=\"wp-block-heading\">Valeurs fondamentales<\/h3>\n\n\n\n<p>Nos valeurs fondamentales d\u00e9crivent qui nous sommes. Nos actions et nos d\u00e9cisions quotidiennes sont guid\u00e9es par nos valeurs fondamentales.<\/p>\n\n\n\n<p><\/p>\n\n\n\n<div class=\"wp-block-columns is-layout-flex wp-container-core-columns-is-layout-9d6595d7 wp-block-columns-is-layout-flex\">\n<div class=\"wp-block-column is-layout-flow wp-block-column-is-layout-flow\">\n<h4 class=\"wp-block-heading has-text-color\" style=\"color:#d21820;text-transform:uppercase\">Int\u00e9grit\u00e9<\/h4>\n\n\n\n<p><em>Nous servirons nos clients avec honn\u00eatet\u00e9 et \u00e9quit\u00e9. Ce sera la base de notre relation avec eux.<\/em><\/p>\n\n\n\n<h4 class=\"wp-block-heading has-text-color\" style=\"color:#d21820;text-transform:uppercase\">Respect<\/h4>\n\n\n\n<p><em>Nous croyons que chacun m\u00e9rite le m\u00eame respect et le m\u00eame soutien pour partager des id\u00e9es et des opinions, sans crainte de sanction ou de discrimination. Nous sommes pleinement engag\u00e9s envers les droits humains, la dignit\u00e9, l'autonomie, les int\u00e9r\u00eats et la vie priv\u00e9e de tous nos employ\u00e9s. Notre milieu de travail est un endroit o\u00f9 les gens se sentent en s\u00e9curit\u00e9.&nbsp;<\/em><\/p>\n<\/div>\n\n\n\n<div class=\"wp-block-column is-layout-flow wp-block-column-is-layout-flow\">\n<h4 class=\"wp-block-heading has-text-color\" style=\"color:#d21820;text-transform:uppercase\">S\u00e9curit\u00e9<\/h4>\n\n\n\n<p><em>Nous nous engageons \u00e0 assurer le bien-\u00eatre et la s\u00e9curit\u00e9 de tous les employ\u00e9s en offrant un lieu de travail s\u00e9curitaire.<\/em><\/p>\n\n\n\n<h4 class=\"wp-block-heading has-text-color\" style=\"color:#d21820;text-transform:uppercase\">Communaut\u00e9 et Durabilit\u00e9<\/h4>\n\n\n\n<p><em>Les communaut\u00e9s dans lesquelles nous vivons et travaillons sont importantes pour nous. Ce sont nos foyers. Nous les rendons meilleures en contribuant \u00e0 des organismes sans but lucratif, en soutenant des \u00e9quipes sportives et d'autres organismes. Nous faisons des efforts pour limiter notre impact environnemental en adoptant des initiatives vertes.<\/em><\/p>\n<\/div>\n<\/div>","protected":false},"excerpt":{"rendered":"<p>As a company we summarize our goals and objectives in our mission and vision statements. Our Mission Statement describes what we do now while our Vision Statement describes who we want to be in the future. Core Values are what support the Mission, Vision and reflect what Minimax cares about. They are the essence of [&hellip;]<\/p>\n","protected":false},"author":1,"featured_media":823,"parent":0,"menu_order":0,"comment_status":"closed","ping_status":"closed","template":"","meta":{"_acf_changed":false,"_et_pb_use_builder":"","_et_pb_old_content":"","_et_gb_content_width":"","footnotes":""},"class_list":["post-738","page","type-page","status-publish","has-post-thumbnail","hentry"],"acf":[],"_links":{"self":[{"href":"https:\/\/minimaxexpress.com\/fr\/wp-json\/wp\/v2\/pages\/738","targetHints":{"allow":["GET"]}}],"collection":[{"href":"https:\/\/minimaxexpress.com\/fr\/wp-json\/wp\/v2\/pages"}],"about":[{"href":"https:\/\/minimaxexpress.com\/fr\/wp-json\/wp\/v2\/types\/page"}],"author":[{"embeddable":true,"href":"https:\/\/minimaxexpress.com\/fr\/wp-json\/wp\/v2\/users\/1"}],"replies":[{"embeddable":true,"href":"https:\/\/minimaxexpress.com\/fr\/wp-json\/wp\/v2\/comments?post=738"}],"version-history":[{"count":13,"href":"https:\/\/minimaxexpress.com\/fr\/wp-json\/wp\/v2\/pages\/738\/revisions"}],"predecessor-version":[{"id":836,"href":"https:\/\/minimaxexpress.com\/fr\/wp-json\/wp\/v2\/pages\/738\/revisions\/836"}],"wp:featuredmedia":[{"embeddable":true,"href":"https:\/\/minimaxexpress.com\/fr\/wp-json\/wp\/v2\/media\/823"}],"wp:attachment":[{"href":"https:\/\/minimaxexpress.com\/fr\/wp-json\/wp\/v2\/media?parent=738"}],"curies":[{"name":"wp","href":"https:\/\/api.w.org\/{rel}","templated":true}]}}