{"id":61,"date":"2023-09-07T14:22:44","date_gmt":"2023-09-07T18:22:44","guid":{"rendered":"https:\/\/minimaxexpress.com\/contact\/"},"modified":"2023-11-22T11:01:16","modified_gmt":"2023-11-22T16:01:16","slug":"contact","status":"publish","type":"page","link":"https:\/\/minimaxexpress.com\/fr\/contact\/","title":{"rendered":"Contactez-Nous"},"content":{"rendered":"<h2 class=\"wp-block-heading\">Contactez Minimax Express<\/h2>\n\n\n\n<p>Entrez en contact avec Minimax Express\nQue vous ayez des questions sur nos itin\u00e9raires, besoin d'un devis ou que vous souhaitiez simplement avoir une conversation amicale, nous sommes l\u00e0 pour vous. N'h\u00e9sitez pas \u00e0 nous contacter, et nous nous assurerons que vos demandes atteignent la bonne destination. Nous sommes fiers de ce que nous faisons, et nous avons h\u00e2te d'avoir de vos nouvelles !<\/p>","protected":false},"excerpt":{"rendered":"<p>Get in Touch with Minimax Express Whether you have questions about our routes, need a quote, or just fancy a friendly chat, we&#8217;re here for you. Feel free to reach out, and we&#8217;ll ensure your inquiries find their way to the right destination. We take pride in what we do, and we can&#8217;t wait to [&hellip;]<\/p>\n","protected":false},"author":1,"featured_media":827,"parent":0,"menu_order":270,"comment_status":"closed","ping_status":"closed","template":"","meta":{"_acf_changed":false,"_et_pb_use_builder":"","_et_pb_old_content":"","_et_gb_content_width":"","footnotes":""},"class_list":["post-61","page","type-page","status-publish","has-post-thumbnail","hentry"],"acf":[],"_links":{"self":[{"href":"https:\/\/minimaxexpress.com\/fr\/wp-json\/wp\/v2\/pages\/61","targetHints":{"allow":["GET"]}}],"collection":[{"href":"https:\/\/minimaxexpress.com\/fr\/wp-json\/wp\/v2\/pages"}],"about":[{"href":"https:\/\/minimaxexpress.com\/fr\/wp-json\/wp\/v2\/types\/page"}],"author":[{"embeddable":true,"href":"https:\/\/minimaxexpress.com\/fr\/wp-json\/wp\/v2\/users\/1"}],"replies":[{"embeddable":true,"href":"https:\/\/minimaxexpress.com\/fr\/wp-json\/wp\/v2\/comments?post=61"}],"version-history":[{"count":3,"href":"https:\/\/minimaxexpress.com\/fr\/wp-json\/wp\/v2\/pages\/61\/revisions"}],"predecessor-version":[{"id":537,"href":"https:\/\/minimaxexpress.com\/fr\/wp-json\/wp\/v2\/pages\/61\/revisions\/537"}],"wp:featuredmedia":[{"embeddable":true,"href":"https:\/\/minimaxexpress.com\/fr\/wp-json\/wp\/v2\/media\/827"}],"wp:attachment":[{"href":"https:\/\/minimaxexpress.com\/fr\/wp-json\/wp\/v2\/media?parent=61"}],"curies":[{"name":"wp","href":"https:\/\/api.w.org\/{rel}","templated":true}]}}