{"id":59,"date":"2023-09-07T14:22:44","date_gmt":"2023-09-07T18:22:44","guid":{"rendered":"https:\/\/minimaxexpress.com\/about\/careers\/immigration-program\/"},"modified":"2024-03-19T13:01:13","modified_gmt":"2024-03-19T17:01:13","slug":"immigration-program","status":"publish","type":"page","link":"https:\/\/minimaxexpress.com\/fr\/about\/careers\/immigration-program\/","title":{"rendered":"Programme d'immigration"},"content":{"rendered":"<p>Si vous cherchez \u00e0 venir au Canada en tant que conducteur de camion commercial, envisagez Minimax Express. Nous vous aiderons \u00e0 obtenir un permis de travail (gr\u00e2ce \u00e0 une EIMT), \u00e0 suivre une formation, \u00e0 prendre en charge vos frais de transport a\u00e9rien et de r\u00e9installation. Nous sommes une entreprise familiale forte de plus de 30 ans d'exp\u00e9rience. Nous offrons un salaire concurrentiel ainsi qu'un r\u00e9gime d'assurance maladie, dentaire et m\u00e9dicaments.  Si vous \u00eates int\u00e9ress\u00e9, envoyez-nous votre curriculum vitae \u00e0 <a>careers@minimaxexpress.com<\/a>\u00a0<\/p>","protected":false},"excerpt":{"rendered":"<p>If you are looking to come to Canada as a commercial truck driver, consider Minimax Express.\u00a0 We will help you acquire a work permit (through an LMIA), provide training, \u00a0airfare \u00a0and relocation support.\u00a0 We are a family run \u00a0business with over 30 years experience .\u00a0 We offer a competitive wage along with health, dental and [&hellip;]<\/p>\n","protected":false},"author":1,"featured_media":956,"parent":53,"menu_order":260,"comment_status":"closed","ping_status":"closed","template":"","meta":{"_acf_changed":false,"_et_pb_use_builder":"","_et_pb_old_content":"","_et_gb_content_width":"","footnotes":""},"class_list":["post-59","page","type-page","status-publish","has-post-thumbnail","hentry"],"acf":[],"_links":{"self":[{"href":"https:\/\/minimaxexpress.com\/fr\/wp-json\/wp\/v2\/pages\/59","targetHints":{"allow":["GET"]}}],"collection":[{"href":"https:\/\/minimaxexpress.com\/fr\/wp-json\/wp\/v2\/pages"}],"about":[{"href":"https:\/\/minimaxexpress.com\/fr\/wp-json\/wp\/v2\/types\/page"}],"author":[{"embeddable":true,"href":"https:\/\/minimaxexpress.com\/fr\/wp-json\/wp\/v2\/users\/1"}],"replies":[{"embeddable":true,"href":"https:\/\/minimaxexpress.com\/fr\/wp-json\/wp\/v2\/comments?post=59"}],"version-history":[{"count":2,"href":"https:\/\/minimaxexpress.com\/fr\/wp-json\/wp\/v2\/pages\/59\/revisions"}],"predecessor-version":[{"id":915,"href":"https:\/\/minimaxexpress.com\/fr\/wp-json\/wp\/v2\/pages\/59\/revisions\/915"}],"up":[{"embeddable":true,"href":"https:\/\/minimaxexpress.com\/fr\/wp-json\/wp\/v2\/pages\/53"}],"wp:featuredmedia":[{"embeddable":true,"href":"https:\/\/minimaxexpress.com\/fr\/wp-json\/wp\/v2\/media\/956"}],"wp:attachment":[{"href":"https:\/\/minimaxexpress.com\/fr\/wp-json\/wp\/v2\/media?parent=59"}],"curies":[{"name":"wp","href":"https:\/\/api.w.org\/{rel}","templated":true}]}}