{"id":57,"date":"2023-09-07T14:22:44","date_gmt":"2023-09-07T18:22:44","guid":{"rendered":"https:\/\/minimaxexpress.com\/about\/careers\/driver-certification-program\/"},"modified":"2024-03-19T13:01:02","modified_gmt":"2024-03-19T17:01:02","slug":"driver-certification-program","status":"publish","type":"page","link":"https:\/\/minimaxexpress.com\/fr\/about\/careers\/driver-certification-program\/","title":{"rendered":"Programme de Certification des Chauffeurs"},"content":{"rendered":"<p>Minimax Express offre le Programme de certification des chauffeurs (PCC) o\u00f9 les employ\u00e9s obtiennent leur permis de conduire de classe AZ tout en \u00e9tant r\u00e9mun\u00e9r\u00e9s en tant qu'employ\u00e9s. Sous l'autorit\u00e9 du minist\u00e8re des Transports (MTO), Minimax a des employ\u00e9s ayant le pouvoir de signature pour former et tester les employ\u00e9s. \u00c0 la fin du programme, vous serez en bonne voie pour une carri\u00e8re enrichissante de chauffeur de camion AZ chez Minimax.<\/p>\n\n\n\n<p>Si vous \u00eates int\u00e9ress\u00e9 par ce programme, envoyez-nous votre curriculum vitae \u00e0 <a href=\"mailto:careers@minimaxexpress.com\">careers@minimaxexpress.com<\/a>, nous organisons plusieurs formations chaque ann\u00e9e.<\/p>","protected":false},"excerpt":{"rendered":"<p>Minimax Express offers the Driver Certification Program (DCP) where employees earn their AZ license while being paid as an employee.&nbsp; Under authority of the Ministry of Transportation (MTO), Minimax have employees with signing authority to train and test employees.&nbsp; Upon completion of the program, you will be on your way to a rewarding trucking career [&hellip;]<\/p>\n","protected":false},"author":1,"featured_media":955,"parent":53,"menu_order":250,"comment_status":"closed","ping_status":"closed","template":"","meta":{"_acf_changed":false,"_et_pb_use_builder":"","_et_pb_old_content":"","_et_gb_content_width":"","footnotes":""},"class_list":["post-57","page","type-page","status-publish","has-post-thumbnail","hentry"],"acf":[],"_links":{"self":[{"href":"https:\/\/minimaxexpress.com\/fr\/wp-json\/wp\/v2\/pages\/57","targetHints":{"allow":["GET"]}}],"collection":[{"href":"https:\/\/minimaxexpress.com\/fr\/wp-json\/wp\/v2\/pages"}],"about":[{"href":"https:\/\/minimaxexpress.com\/fr\/wp-json\/wp\/v2\/types\/page"}],"author":[{"embeddable":true,"href":"https:\/\/minimaxexpress.com\/fr\/wp-json\/wp\/v2\/users\/1"}],"replies":[{"embeddable":true,"href":"https:\/\/minimaxexpress.com\/fr\/wp-json\/wp\/v2\/comments?post=57"}],"version-history":[{"count":1,"href":"https:\/\/minimaxexpress.com\/fr\/wp-json\/wp\/v2\/pages\/57\/revisions"}],"predecessor-version":[{"id":911,"href":"https:\/\/minimaxexpress.com\/fr\/wp-json\/wp\/v2\/pages\/57\/revisions\/911"}],"up":[{"embeddable":true,"href":"https:\/\/minimaxexpress.com\/fr\/wp-json\/wp\/v2\/pages\/53"}],"wp:featuredmedia":[{"embeddable":true,"href":"https:\/\/minimaxexpress.com\/fr\/wp-json\/wp\/v2\/media\/955"}],"wp:attachment":[{"href":"https:\/\/minimaxexpress.com\/fr\/wp-json\/wp\/v2\/media?parent=57"}],"curies":[{"name":"wp","href":"https:\/\/api.w.org\/{rel}","templated":true}]}}