{"id":53,"date":"2023-09-07T14:22:43","date_gmt":"2023-09-07T18:22:43","guid":{"rendered":"https:\/\/minimaxexpress.com\/about\/careers\/"},"modified":"2025-09-03T11:30:12","modified_gmt":"2025-09-03T15:30:12","slug":"careers","status":"publish","type":"page","link":"https:\/\/minimaxexpress.com\/fr\/about\/careers\/","title":{"rendered":"Carri\u00e8res Aupr\u00e8s de Minimax"},"content":{"rendered":"<p>Comme le souligne notre mission d'entreprise, nos employ\u00e9s offrent des solutions de transport sans tracas afin de surpasser les attentes de notre client\u00e8le.&nbsp;<\/p>\n\n\n\n<p>Nous sommes une \u00e9quipe de professionnels d\u00e9vou\u00e9s, \u00e9voluant au sein d'une culture d'entreprise ax\u00e9e sur le travail d'\u00e9quipe, la s\u00e9curit\u00e9, l'int\u00e9grit\u00e9 et l'engagement.&nbsp;&nbsp;<\/p>\n\n\n\n<p>Ces piliers ont assur\u00e9 le succ\u00e8s de Minimax et de ses employ\u00e9s depuis plus de 30 ans.&nbsp;<\/p>\n\n\n\n<div style=\"height:50px\" aria-hidden=\"true\" class=\"wp-block-spacer\"><\/div>\n\n\n\n<h2 class=\"wp-block-heading\"><strong>Pourquoi se joindre \u00e0 Minimax Express<\/strong><\/h2>\n\n\n\n<div class=\"wp-block-columns is-layout-flex wp-container-core-columns-is-layout-9d6595d7 wp-block-columns-is-layout-flex\">\n<div class=\"wp-block-column is-layout-flow wp-block-column-is-layout-flow\">\n<figure class=\"wp-block-image size-full\"><img loading=\"lazy\" decoding=\"async\" width=\"512\" height=\"512\" src=\"https:\/\/minimaxexpress.com\/wp-content\/uploads\/2024\/02\/piggy-bank.png\" alt=\"\" class=\"wp-image-878\" srcset=\"https:\/\/minimaxexpress.com\/wp-content\/uploads\/2024\/02\/piggy-bank.png 512w, https:\/\/minimaxexpress.com\/wp-content\/uploads\/2024\/02\/piggy-bank-480x480.png 480w\" sizes=\"(min-width: 0px) and (max-width: 480px) 480px, (min-width: 481px) 512px, 100vw\" \/><\/figure>\n\n\n\n<p class=\"has-text-align-center\" style=\"font-size:15px\"><strong>Contribution \u00e9quivalente de l\u2019entreprise au r\u00e9gime de retraite<\/strong><\/p>\n<\/div>\n\n\n\n<div class=\"wp-block-column is-layout-flow wp-block-column-is-layout-flow\">\n<figure class=\"wp-block-image size-full\"><img loading=\"lazy\" decoding=\"async\" width=\"512\" height=\"512\" src=\"https:\/\/minimaxexpress.com\/wp-content\/uploads\/2024\/02\/cherish.png\" alt=\"\" class=\"wp-image-874\" srcset=\"https:\/\/minimaxexpress.com\/wp-content\/uploads\/2024\/02\/cherish.png 512w, https:\/\/minimaxexpress.com\/wp-content\/uploads\/2024\/02\/cherish-480x480.png 480w\" sizes=\"(min-width: 0px) and (max-width: 480px) 480px, (min-width: 481px) 512px, 100vw\" \/><\/figure>\n\n\n\n<p class=\"has-text-align-center\" style=\"font-size:15px\"><strong>Assurances m\u00e9dicale, dentaire et programme de mieux-\u00eatre<\/strong><\/p>\n<\/div>\n\n\n\n<div class=\"wp-block-column is-layout-flow wp-block-column-is-layout-flow\">\n<figure class=\"wp-block-image size-full\"><img loading=\"lazy\" decoding=\"async\" width=\"512\" height=\"512\" src=\"https:\/\/minimaxexpress.com\/wp-content\/uploads\/2024\/02\/money-stack.png\" alt=\"\" class=\"wp-image-879\" srcset=\"https:\/\/minimaxexpress.com\/wp-content\/uploads\/2024\/02\/money-stack.png 512w, https:\/\/minimaxexpress.com\/wp-content\/uploads\/2024\/02\/money-stack-480x480.png 480w\" sizes=\"(min-width: 0px) and (max-width: 480px) 480px, (min-width: 481px) 512px, 100vw\" \/><\/figure>\n\n\n\n<p class=\"has-text-align-center\" style=\"font-size:15px\"><strong>Primes de r\u00e9f\u00e9rence d'employ\u00e9s<\/strong><\/p>\n<\/div>\n\n\n\n<div class=\"wp-block-column is-layout-flow wp-block-column-is-layout-flow\">\n<figure class=\"wp-block-image size-full\"><img loading=\"lazy\" decoding=\"async\" width=\"512\" height=\"512\" src=\"https:\/\/minimaxexpress.com\/wp-content\/uploads\/2024\/02\/island-1.png\" alt=\"\" class=\"wp-image-880\" srcset=\"https:\/\/minimaxexpress.com\/wp-content\/uploads\/2024\/02\/island-1.png 512w, https:\/\/minimaxexpress.com\/wp-content\/uploads\/2024\/02\/island-1-480x480.png 480w\" sizes=\"(min-width: 0px) and (max-width: 480px) 480px, (min-width: 481px) 512px, 100vw\" \/><\/figure>\n\n\n\n<p class=\"has-text-align-center\" style=\"font-size:15px\"><strong>Vacances, cong\u00e9s de maladie et jours f\u00e9ri\u00e9s pay\u00e9s<\/strong><\/p>\n<\/div>\n\n\n\n<div class=\"wp-block-column is-layout-flow wp-block-column-is-layout-flow\">\n<figure class=\"wp-block-image size-full\"><img loading=\"lazy\" decoding=\"async\" width=\"512\" height=\"512\" src=\"https:\/\/minimaxexpress.com\/wp-content\/uploads\/2024\/02\/umbrella.png\" alt=\"\" class=\"wp-image-876\" srcset=\"https:\/\/minimaxexpress.com\/wp-content\/uploads\/2024\/02\/umbrella.png 512w, https:\/\/minimaxexpress.com\/wp-content\/uploads\/2024\/02\/umbrella-480x480.png 480w\" sizes=\"(min-width: 0px) and (max-width: 480px) 480px, (min-width: 481px) 512px, 100vw\" \/><\/figure>\n\n\n\n<p class=\"has-text-align-center\" style=\"font-size:15px\"><strong>Assurance invalidit\u00e9 et assurance-vie<\/strong><\/p>\n<\/div>\n\n\n\n<div class=\"wp-block-column is-layout-flow wp-block-column-is-layout-flow\">\n<figure class=\"wp-block-image size-full\"><img loading=\"lazy\" decoding=\"async\" width=\"512\" height=\"512\" src=\"https:\/\/minimaxexpress.com\/wp-content\/uploads\/2024\/02\/steeltoe-boots-1.png\" alt=\"\" class=\"wp-image-881\" srcset=\"https:\/\/minimaxexpress.com\/wp-content\/uploads\/2024\/02\/steeltoe-boots-1.png 512w, https:\/\/minimaxexpress.com\/wp-content\/uploads\/2024\/02\/steeltoe-boots-1-480x480.png 480w\" sizes=\"(min-width: 0px) and (max-width: 480px) 480px, (min-width: 481px) 512px, 100vw\" \/><\/figure>\n\n\n\n<p class=\"has-text-align-center\" style=\"font-size:15px\"><strong>Uniformes fournis et allocation pour chaussures de s\u00e9curit\u00e9<\/strong><\/p>\n<\/div>\n<\/div>\n\n\n\n<div style=\"height:50px\" aria-hidden=\"true\" class=\"wp-block-spacer\"><\/div>\n\n\n\n<p>Nous nous engageons \u00e0 valoriser la diversit\u00e9 et l'inclusion. Si vous voulez vous joindre \u00e0 une entreprise dynamique, entour\u00e9 de coll\u00e8gues soucieux de nos clients et les uns des autres, nous serions ravis de faire connaissance.\nVeuillez nous faire parvenir votre curriculum vitae \u00e0 l'adresse suivante : <a href=\"mailto:careers@minimaxexpress.com\">careers@minimaxexpress.com<\/a><\/p>\n\n\n\n<h2 class=\"wp-block-heading\">Offres d'Emploi R\u00e9centes<\/h2>","protected":false},"excerpt":{"rendered":"<p>As outlined in our corporate mission, our team members provide peace of mind transportation solutions to exceed customer expectations.&nbsp; We are dedicated professionals who work within a corporate culture of:&nbsp; teamwork, safety, integrity and commitment.&nbsp;&nbsp; These pillars have brought success to Minimax and its team members since 1991.&nbsp; Why work for Minimax Express Pension Company [&hellip;]<\/p>\n","protected":false},"author":1,"featured_media":0,"parent":49,"menu_order":230,"comment_status":"closed","ping_status":"closed","template":"","meta":{"_acf_changed":false,"_et_pb_use_builder":"","_et_pb_old_content":"","_et_gb_content_width":"","footnotes":""},"class_list":["post-53","page","type-page","status-publish","hentry"],"acf":[],"_links":{"self":[{"href":"https:\/\/minimaxexpress.com\/fr\/wp-json\/wp\/v2\/pages\/53","targetHints":{"allow":["GET"]}}],"collection":[{"href":"https:\/\/minimaxexpress.com\/fr\/wp-json\/wp\/v2\/pages"}],"about":[{"href":"https:\/\/minimaxexpress.com\/fr\/wp-json\/wp\/v2\/types\/page"}],"author":[{"embeddable":true,"href":"https:\/\/minimaxexpress.com\/fr\/wp-json\/wp\/v2\/users\/1"}],"replies":[{"embeddable":true,"href":"https:\/\/minimaxexpress.com\/fr\/wp-json\/wp\/v2\/comments?post=53"}],"version-history":[{"count":11,"href":"https:\/\/minimaxexpress.com\/fr\/wp-json\/wp\/v2\/pages\/53\/revisions"}],"predecessor-version":[{"id":1581,"href":"https:\/\/minimaxexpress.com\/fr\/wp-json\/wp\/v2\/pages\/53\/revisions\/1581"}],"up":[{"embeddable":true,"href":"https:\/\/minimaxexpress.com\/fr\/wp-json\/wp\/v2\/pages\/49"}],"wp:attachment":[{"href":"https:\/\/minimaxexpress.com\/fr\/wp-json\/wp\/v2\/media?parent=53"}],"curies":[{"name":"wp","href":"https:\/\/api.w.org\/{rel}","templated":true}]}}