{"id":51,"date":"2023-09-07T14:22:43","date_gmt":"2023-09-07T18:22:43","guid":{"rendered":"https:\/\/minimaxexpress.com\/about\/letter-from-the-president\/"},"modified":"2023-11-22T10:40:48","modified_gmt":"2023-11-22T15:40:48","slug":"letter-from-the-president","status":"publish","type":"page","link":"https:\/\/minimaxexpress.com\/fr\/about\/letter-from-the-president\/","title":{"rendered":"Lettre du Pr\u00e9sident"},"content":{"rendered":"<h2 class=\"wp-block-heading\">Du pr\u00e9sident<\/h2>\n\n\n\n<p>Minimax Express a commenc\u00e9 ses op\u00e9rations en 1991. Avec trois camions et dix remorques, notre mission \u00e9tait d'offrir des solutions de transport pour procurer la tranquillit\u00e9 d'esprit et d\u00e9passer les attentes de nos clients. Trois d\u00e9cennies plus tard, nous continuons \u00e0 m\u00e9riter votre respect gr\u00e2ce \u00e0 notre engagement envers des services de transport routier LTL fiables, le lendemain et personnalis\u00e9s.&nbsp;<\/p>\n\n\n\n<p>Tant de choses ont chang\u00e9 au cours des 30 derni\u00e8res ann\u00e9es. Les cha\u00eenes d'approvisionnement sont beaucoup plus sophistiqu\u00e9es, les fen\u00eatres de livraison se sont raccourcies et la tra\u00e7abilit\u00e9 en temps r\u00e9el doit \u00eatre transparente. Minimax continue d'investir consid\u00e9rablement dans ces domaines pour s'assurer que nous r\u00e9pondons \u00e0 vos besoins d'exp\u00e9dition.&nbsp;<\/p>\n\n\n\n<p>Une chose n'a pas chang\u00e9, nous sommes toujours dans le domaine des relations humaines. Nous utilisons des camions et de la technologie pour offrir un excellent service, mais ce sont nos employ\u00e9s qui font la diff\u00e9rence. Notre grande famille de 300 chauffeurs professionnels, employ\u00e9s, manutentionnaires de fret et techniciens sont vraiment les meilleurs dans leur domaine. Nos professionnels vont ramasser et livrer vos marchandises \u00e0 l'heure et sans incident.<\/p>\n\n\n\n<p>Avec six centres de service \u00e0 Drummondville, Cornwall, Belleville, Toronto, Hamilton et London, nous avons toujours quelqu'un \u00e0 proximit\u00e9 pour r\u00e9pondre \u00e0 vos besoins. De plus, nos trois divisions, Solutions Globales Minimax, Minimax GO Direct et Entreposage Minimax offrent d'autres services pour r\u00e9pondre \u00e0 tous vos besoins en mati\u00e8re de cha\u00eene d'approvisionnement et de transport.&nbsp;<\/p>\n\n\n\n<p>Nous sommes reconnaissants de la confiance que vous exprimez envers le groupe d'entreprises Minimax alors que nous continuons \u00e0 nous efforcer de vous impressionner avec notre service.<\/p>\n\n\n\n<p>Merci,<br>Yves Poirier<br><em>Pr\u00e9sident<\/em><\/p>","protected":false},"excerpt":{"rendered":"<p>From the President Minimax Express began operating in 1991. With three trucks and ten pup trailers, our mission was to provide peace of mind transportation solutions to exceed customer expectations. Three decades later, we continue to earn your respect through our commitment to consistent, next day, dependable and personalized LTL transportation services.&nbsp; So much has [&hellip;]<\/p>\n","protected":false},"author":1,"featured_media":822,"parent":49,"menu_order":220,"comment_status":"closed","ping_status":"closed","template":"","meta":{"_acf_changed":false,"_et_pb_use_builder":"","_et_pb_old_content":"","_et_gb_content_width":"","footnotes":""},"class_list":["post-51","page","type-page","status-publish","has-post-thumbnail","hentry"],"acf":[],"_links":{"self":[{"href":"https:\/\/minimaxexpress.com\/fr\/wp-json\/wp\/v2\/pages\/51","targetHints":{"allow":["GET"]}}],"collection":[{"href":"https:\/\/minimaxexpress.com\/fr\/wp-json\/wp\/v2\/pages"}],"about":[{"href":"https:\/\/minimaxexpress.com\/fr\/wp-json\/wp\/v2\/types\/page"}],"author":[{"embeddable":true,"href":"https:\/\/minimaxexpress.com\/fr\/wp-json\/wp\/v2\/users\/1"}],"replies":[{"embeddable":true,"href":"https:\/\/minimaxexpress.com\/fr\/wp-json\/wp\/v2\/comments?post=51"}],"version-history":[{"count":1,"href":"https:\/\/minimaxexpress.com\/fr\/wp-json\/wp\/v2\/pages\/51\/revisions"}],"predecessor-version":[{"id":557,"href":"https:\/\/minimaxexpress.com\/fr\/wp-json\/wp\/v2\/pages\/51\/revisions\/557"}],"up":[{"embeddable":true,"href":"https:\/\/minimaxexpress.com\/fr\/wp-json\/wp\/v2\/pages\/49"}],"wp:featuredmedia":[{"embeddable":true,"href":"https:\/\/minimaxexpress.com\/fr\/wp-json\/wp\/v2\/media\/822"}],"wp:attachment":[{"href":"https:\/\/minimaxexpress.com\/fr\/wp-json\/wp\/v2\/media?parent=51"}],"curies":[{"name":"wp","href":"https:\/\/api.w.org\/{rel}","templated":true}]}}