{"id":49,"date":"2023-09-07T14:22:43","date_gmt":"2023-09-07T18:22:43","guid":{"rendered":"https:\/\/minimaxexpress.com\/about\/"},"modified":"2024-03-12T10:06:21","modified_gmt":"2024-03-12T14:06:21","slug":"about","status":"publish","type":"page","link":"https:\/\/minimaxexpress.com\/fr\/about\/","title":{"rendered":"\u00c0 Propos"},"content":{"rendered":"<h2 class=\"wp-block-heading\">Bienvenue chez Minimax Express<\/h2>\n\n\n\n<p>Minimax Express Transport Inc. a commenc\u00e9 ses activit\u00e9s le 11 f\u00e9vrier 1991. Avec trois camions et dix semi-remorques, nous avions pour mission d'offrir des services fiables et personnalis\u00e9s de transport LTL avec livraison le lendemain entre Cornwall, Toronto et Montr\u00e9al. En 1992, la zone desservie a \u00e9t\u00e9 \u00e9largie pour inclure les march\u00e9s d'Ottawa et de Brockville. Par la suite, Kingston, Belleville, Smiths Falls et Perth ont \u00e9t\u00e9 ajout\u00e9s, compl\u00e9tant ainsi la couverture de l'Est de l'Ontario.<\/p>\n\n\n\n<p>Aujourd'hui, notre engagement demeure in\u00e9branlable alors que nous exploitons six centres de service strat\u00e9giquement situ\u00e9s \u00e0 Drummondville au Qu\u00e9bec, ainsi qu'\u00e0 Cornwall, Belleville, Toronto, Hamilton et London en Ontario. Ces centres assurent proximit\u00e9 et efficacit\u00e9 pour servir notre pr\u00e9cieuse client\u00e8le.<\/p>\n\n\n\n<p>Avec une \u00e9quipe de plus de 300 chauffeurs, manutentionnaires, techniciens et employ\u00e9s, Minimax Express s'emploie \u00e0 r\u00e9soudre vos d\u00e9fis d'exp\u00e9dition. Notre flotte compte 350 camions et remorques, et nos services logistiques complets sont r\u00e9partis en trois divisions : Minimax Global Solutions, Minimax GO Direct et Minimax Entreposage. Ces divisions nous permettent d'offrir une gamme diversifi\u00e9e de solutions de transport, tant \u00e0 l'\u00e9chelle locale qu'internationale.<\/p>\n\n\n\n<p>Notre r\u00e9cente expansion comprend un sixi\u00e8me centre de service \u00e0 London, nous permettant d'offrir un service direct vers et depuis le Sud-Ouest de l'Ontario. En tant qu'entreprise familiale g\u00e9r\u00e9e par Paul, Yves et Marc Poirier, nous sommes fiers de notre engagement envers des services de transport LTL exceptionnels. Merci d'avoir choisi Minimax Express comme partenaire logistique de confiance.<\/p>","protected":false},"excerpt":{"rendered":"<p>Welcome To&nbsp;Minimax Express Minimax Express Transportation Inc. began operating on February 11, 1991. With three trucks and ten pup trailers, our mission was to provide consistent, next-day, dependable, personalized LTL transportation services between Cornwall, Toronto and Montreal. In 1992 the service area was expanded to include the Ottawa and Brockville markets. Kingston, Belleville, Smiths Falls [&hellip;]<\/p>\n","protected":false},"author":1,"featured_media":828,"parent":0,"menu_order":210,"comment_status":"closed","ping_status":"closed","template":"","meta":{"_acf_changed":false,"_et_pb_use_builder":"","_et_pb_old_content":"","_et_gb_content_width":"","footnotes":""},"class_list":["post-49","page","type-page","status-publish","has-post-thumbnail","hentry"],"acf":[],"_links":{"self":[{"href":"https:\/\/minimaxexpress.com\/fr\/wp-json\/wp\/v2\/pages\/49","targetHints":{"allow":["GET"]}}],"collection":[{"href":"https:\/\/minimaxexpress.com\/fr\/wp-json\/wp\/v2\/pages"}],"about":[{"href":"https:\/\/minimaxexpress.com\/fr\/wp-json\/wp\/v2\/types\/page"}],"author":[{"embeddable":true,"href":"https:\/\/minimaxexpress.com\/fr\/wp-json\/wp\/v2\/users\/1"}],"replies":[{"embeddable":true,"href":"https:\/\/minimaxexpress.com\/fr\/wp-json\/wp\/v2\/comments?post=49"}],"version-history":[{"count":5,"href":"https:\/\/minimaxexpress.com\/fr\/wp-json\/wp\/v2\/pages\/49\/revisions"}],"predecessor-version":[{"id":945,"href":"https:\/\/minimaxexpress.com\/fr\/wp-json\/wp\/v2\/pages\/49\/revisions\/945"}],"wp:featuredmedia":[{"embeddable":true,"href":"https:\/\/minimaxexpress.com\/fr\/wp-json\/wp\/v2\/media\/828"}],"wp:attachment":[{"href":"https:\/\/minimaxexpress.com\/fr\/wp-json\/wp\/v2\/media?parent=49"}],"curies":[{"name":"wp","href":"https:\/\/api.w.org\/{rel}","templated":true}]}}