{"id":479,"date":"2023-11-02T09:58:48","date_gmt":"2023-11-02T13:58:48","guid":{"rendered":"https:\/\/minimaxexpress.com\/?page_id=479"},"modified":"2024-05-29T09:33:54","modified_gmt":"2024-05-29T13:33:54","slug":"snowbird-transportation","status":"publish","type":"page","link":"https:\/\/minimaxexpress.com\/fr\/services\/snowbird-transportation\/","title":{"rendered":"Transport Snowbird"},"content":{"rendered":"<figure class=\"wp-block-image size-full is-resized\"><img decoding=\"async\" src=\"https:\/\/minimaxexpress.com\/wp-content\/uploads\/2023\/11\/Snowbird-Logo.svg\" alt=\"\" class=\"wp-image-816\" style=\"width:250px\"\/><\/figure>\n\n\n\n<h2 class=\"wp-block-heading\">Services de transport Snowbird, Hamilton Ontario<\/h2>\n\n\n\n<p>Chez Snowbird Transportation, notre entreprise est b\u00e2tie sur le fait de garder votre fret en mouvement. Pour tenir notre promesse de service exceptionnel, nous avons constitu\u00e9 une \u00e9quipe de professionnels du transport exp\u00e9riment\u00e9s, \u00e9quip\u00e9s de v\u00e9hicules r\u00e9cents dot\u00e9s de syst\u00e8mes de surveillance de la flotte embarqu\u00e9s. Lorsque vous avez besoin que votre fret arrive \u00e0 destination, faites confiance \u00e0 Snowbird !<\/p>\n\n\n\n<h3 class=\"wp-block-heading\">LTL et charges compl\u00e8tes<\/h3>\n\n\n\n<ul class=\"wp-block-list\">\n<li>Desservant le centre-sud de l'Ontario<\/li>\n\n\n\n<li>Transport urgent, rendez-vous, fret a\u00e9rien<\/li>\n\n\n\n<li>Transporteur agr\u00e9\u00e9 par Douanes Canada<\/li>\n\n\n\n<li>Livraison de nuit, le jour m\u00eame, transport direct<\/li>\n\n\n\n<li>Excellente performance en termes de respect des d\u00e9lais<\/li>\n\n\n\n<li>Flotte r\u00e9cente et sp\u00e9cialis\u00e9e<\/li>\n\n\n\n<li>Suivi en temps r\u00e9el des actifs<\/li>\n\n\n\n<li>Engagement envers la s\u00e9curit\u00e9<\/li>\n\n\n\n<li>Services adapt\u00e9s \u00e0 vos besoins<\/li>\n\n\n\n<li>Solutions logistiques flexibles<\/li>\n<\/ul>\n\n\n\n<h3 class=\"wp-block-heading\">Marchandises dangereuses<\/h3>\n\n\n\n<ul class=\"wp-block-list\">\n<li>Certifi\u00e9s et exp\u00e9riment\u00e9s dans le transport de marchandises dangereuses<\/li>\n<\/ul>\n\n\n\n<h3 class=\"wp-block-heading\">Entrep\u00f4t<\/h3>\n\n\n\n<ul class=\"wp-block-list\">\n<li>Quai de transbordement<\/li>\n\n\n\n<li>Solutions d'entreposage \u00e0 court ou long terme<\/li>\n\n\n\n<li>Consolidation<\/li>\n\n\n\n<li>Distribution<\/li>\n<\/ul>\n\n\n\n<h3 class=\"wp-block-heading\">Plateforme \u00e9l\u00e9vatrice<\/h3>\n\n\n\n<ul class=\"wp-block-list\">\n<li>&nbsp;Pas de quai ? Pas de probl\u00e8me !<\/li>\n\n\n\n<li>Plateformes \u00e9l\u00e9vatrices de 24', 26 et 53' disponibles<\/li>\n<\/ul>","protected":false},"excerpt":{"rendered":"<p>Snowbird Transportation Services, Hamilton, Ontario At Snowbird Transportation&nbsp;our business is built on keeping your freight moving. To keep our promise of exceptional service we&#8217;ve built a team of experienced transportation professionals,&nbsp;late model equipment with on board fleet monitoring systems. When you need your freight to get there, trust Snowbird! LTL &amp; Truckload Dangerous Goods Warehouse [&hellip;]<\/p>\n","protected":false},"author":1,"featured_media":0,"parent":23,"menu_order":0,"comment_status":"closed","ping_status":"closed","template":"","meta":{"_acf_changed":false,"_et_pb_use_builder":"","_et_pb_old_content":"","_et_gb_content_width":"","footnotes":""},"class_list":["post-479","page","type-page","status-publish","hentry"],"acf":[],"_links":{"self":[{"href":"https:\/\/minimaxexpress.com\/fr\/wp-json\/wp\/v2\/pages\/479","targetHints":{"allow":["GET"]}}],"collection":[{"href":"https:\/\/minimaxexpress.com\/fr\/wp-json\/wp\/v2\/pages"}],"about":[{"href":"https:\/\/minimaxexpress.com\/fr\/wp-json\/wp\/v2\/types\/page"}],"author":[{"embeddable":true,"href":"https:\/\/minimaxexpress.com\/fr\/wp-json\/wp\/v2\/users\/1"}],"replies":[{"embeddable":true,"href":"https:\/\/minimaxexpress.com\/fr\/wp-json\/wp\/v2\/comments?post=479"}],"version-history":[{"count":8,"href":"https:\/\/minimaxexpress.com\/fr\/wp-json\/wp\/v2\/pages\/479\/revisions"}],"predecessor-version":[{"id":1020,"href":"https:\/\/minimaxexpress.com\/fr\/wp-json\/wp\/v2\/pages\/479\/revisions\/1020"}],"up":[{"embeddable":true,"href":"https:\/\/minimaxexpress.com\/fr\/wp-json\/wp\/v2\/pages\/23"}],"wp:attachment":[{"href":"https:\/\/minimaxexpress.com\/fr\/wp-json\/wp\/v2\/media?parent=479"}],"curies":[{"name":"wp","href":"https:\/\/api.w.org\/{rel}","templated":true}]}}