{"id":47,"date":"2023-09-07T14:22:43","date_gmt":"2023-09-07T18:22:43","guid":{"rendered":"https:\/\/minimaxexpress.com\/resources\/faq\/"},"modified":"2023-11-06T14:14:33","modified_gmt":"2023-11-06T19:14:33","slug":"faq","status":"publish","type":"page","link":"https:\/\/minimaxexpress.com\/fr\/resources\/faq\/","title":{"rendered":"QFP"},"content":{"rendered":"<h2 class=\"wp-block-heading\">Vous cherchez plus de d\u00e9tails ou avez une question ? <\/h2>\n\n\n\n<p>Vous \u00eates au bon endroit ! Si vous n'avez pas trouv\u00e9 ce que vous cherchez, n'h\u00e9sitez pas \u00e0 contacter notre \u00e9quipe de service client accueillante. Vous pouvez les appeler au 800-465-6657 ou leur envoyer un message \u00e0 <a href=\"mailto:customerservice@minimaxexpress.com\">customerservice@minimaxexpress.com<\/a>. Ils sont l\u00e0 pour vous aider !<\/p>","protected":false},"excerpt":{"rendered":"<p>Looking for additional details or have a query? You&#8217;re in the right spot! If you haven&#8217;t found what you&#8217;re looking for, feel free to reach out to our friendly customer service team. You can give them a ring at 800-465-6657 or drop them a message at customerservice@minimaxexpress.com. They&#8217;re here to help!<\/p>","protected":false},"author":1,"featured_media":0,"parent":33,"menu_order":200,"comment_status":"closed","ping_status":"closed","template":"","meta":{"_acf_changed":false,"_et_pb_use_builder":"","_et_pb_old_content":"","_et_gb_content_width":"","footnotes":""},"class_list":["post-47","page","type-page","status-publish","hentry"],"acf":[],"_links":{"self":[{"href":"https:\/\/minimaxexpress.com\/fr\/wp-json\/wp\/v2\/pages\/47","targetHints":{"allow":["GET"]}}],"collection":[{"href":"https:\/\/minimaxexpress.com\/fr\/wp-json\/wp\/v2\/pages"}],"about":[{"href":"https:\/\/minimaxexpress.com\/fr\/wp-json\/wp\/v2\/types\/page"}],"author":[{"embeddable":true,"href":"https:\/\/minimaxexpress.com\/fr\/wp-json\/wp\/v2\/users\/1"}],"replies":[{"embeddable":true,"href":"https:\/\/minimaxexpress.com\/fr\/wp-json\/wp\/v2\/comments?post=47"}],"version-history":[{"count":1,"href":"https:\/\/minimaxexpress.com\/fr\/wp-json\/wp\/v2\/pages\/47\/revisions"}],"predecessor-version":[{"id":645,"href":"https:\/\/minimaxexpress.com\/fr\/wp-json\/wp\/v2\/pages\/47\/revisions\/645"}],"up":[{"embeddable":true,"href":"https:\/\/minimaxexpress.com\/fr\/wp-json\/wp\/v2\/pages\/33"}],"wp:attachment":[{"href":"https:\/\/minimaxexpress.com\/fr\/wp-json\/wp\/v2\/media?parent=47"}],"curies":[{"name":"wp","href":"https:\/\/api.w.org\/{rel}","templated":true}]}}