{"id":39,"date":"2023-09-07T14:22:43","date_gmt":"2023-09-07T18:22:43","guid":{"rendered":"https:\/\/minimaxexpress.com\/resources\/holiday-schedule\/"},"modified":"2026-01-13T09:09:55","modified_gmt":"2026-01-13T14:09:55","slug":"holiday-schedule","status":"publish","type":"page","link":"https:\/\/minimaxexpress.com\/fr\/resources\/holiday-schedule\/","title":{"rendered":"Calendrier des Jours F\u00e9ri\u00e9s"},"content":{"rendered":"<h2 class=\"wp-block-heading has-text-align-center has-large-font-size\">2026<\/h2>\n\n\n\n<div style=\"height:50px\" aria-hidden=\"true\" class=\"wp-block-spacer\"><\/div>\n\n\n\n<div class=\"wp-block-columns is-layout-flex wp-container-core-columns-is-layout-9d6595d7 wp-block-columns-is-layout-flex\">\n<div class=\"wp-block-column is-layout-flow wp-block-column-is-layout-flow\">\n<div class=\"wp-block-group is-layout-constrained wp-block-group-is-layout-constrained\">\n<div class=\"wp-block-group is-layout-constrained wp-block-group-is-layout-constrained\">\n<h3 class=\"wp-block-heading\"><strong>F\u00eate de la famille<\/strong><\/h3>\n\n\n\n<p>Lundi 16 f\u00e9vrier 2026<\/p>\n\n\n\n<p class=\"has-small-font-size\">Ouvert : Qu\u00e9bec<br>Ferm\u00e9 : Ontario<\/p>\n<\/div>\n<\/div>\n<\/div>\n\n\n\n<div class=\"wp-block-column is-layout-flow wp-block-column-is-layout-flow\">\n<div class=\"wp-block-group is-layout-constrained wp-block-group-is-layout-constrained\">\n<div class=\"wp-block-group is-layout-constrained wp-block-group-is-layout-constrained\">\n<h3 class=\"wp-block-heading\"><strong><strong>Jour f\u00e9ri\u00e9 municipal<\/strong><\/strong><\/h3>\n\n\n\n<p>Lundi 3 ao\u00fbt 2026<\/p>\n\n\n\n<p class=\"has-small-font-size\">Ouvert : Qu\u00e9bec<br>Ferm\u00e9 : Ontario<\/p>\n<\/div>\n<\/div>\n<\/div>\n<\/div>\n\n\n\n<div style=\"height:25px\" aria-hidden=\"true\" class=\"wp-block-spacer\"><\/div>\n\n\n\n<div class=\"wp-block-columns is-layout-flex wp-container-core-columns-is-layout-9d6595d7 wp-block-columns-is-layout-flex\">\n<div class=\"wp-block-column is-layout-flow wp-block-column-is-layout-flow\">\n<div class=\"wp-block-group is-layout-constrained wp-block-group-is-layout-constrained\">\n<div class=\"wp-block-group is-layout-constrained wp-block-group-is-layout-constrained\">\n<h3 class=\"wp-block-heading\"><strong><strong>P\u00e2ques (Vendredi saint)<\/strong><\/strong><\/h3>\n\n\n\n<p>Vendredi 3 avril 2026<\/p>\n\n\n\n<p>Open:&nbsp; Quebec Province&nbsp;<br>( sauf grande r\u00e9gion de Montr\u00e9al et Gatineau , ferm\u00e9 )<br>Ferm\u00e9 : Ontario<\/p>\n<\/div>\n<\/div>\n<\/div>\n\n\n\n<div class=\"wp-block-column is-layout-flow wp-block-column-is-layout-flow\">\n<div class=\"wp-block-group is-layout-constrained wp-block-group-is-layout-constrained\">\n<div class=\"wp-block-group is-layout-constrained wp-block-group-is-layout-constrained\">\n<h3 class=\"wp-block-heading\"><strong><strong><strong>F\u00eate du Travail<\/strong><\/strong><\/strong><\/h3>\n\n\n\n<p>Lundi 7 septembre 2026<\/p>\n\n\n\n<p>Ferm\u00e9 : Ontario &amp; Qu\u00e9bec<\/p>\n<\/div>\n<\/div>\n<\/div>\n<\/div>\n\n\n\n<div style=\"height:25px\" aria-hidden=\"true\" class=\"wp-block-spacer\"><\/div>\n\n\n\n<div class=\"wp-block-columns is-layout-flex wp-container-core-columns-is-layout-9d6595d7 wp-block-columns-is-layout-flex\">\n<div class=\"wp-block-column is-layout-flow wp-block-column-is-layout-flow\">\n<div class=\"wp-block-group is-layout-constrained wp-block-group-is-layout-constrained\">\n<div class=\"wp-block-group is-layout-constrained wp-block-group-is-layout-constrained\">\n<h3 class=\"wp-block-heading\"><strong><strong><strong>P\u00e2ques (Lundi)<\/strong><\/strong><\/strong><\/h3>\n\n\n\n<p>Lundi 6 avril 2026<\/p>\n\n\n\n<p>Ferm\u00e9 :  Province de Qu\u00e9bec<br>( Sauf Grand Montr\u00e9al et Gatineau ferm\u00e9s )<br>Ouvert : Ontario<\/p>\n<\/div>\n<\/div>\n<\/div>\n\n\n\n<div class=\"wp-block-column is-layout-flow wp-block-column-is-layout-flow\">\n<div class=\"wp-block-group is-layout-constrained wp-block-group-is-layout-constrained\">\n<div class=\"wp-block-group is-layout-constrained wp-block-group-is-layout-constrained\">\n<h3 class=\"wp-block-heading\"><strong><strong><strong><strong>Journ\u00e9e nationale de v\u00e9rit\u00e9 et r\u00e9conciliation<\/strong><\/strong><\/strong><\/strong><\/h3>\n\n\n\n<p>Mercredi 30 septembre 2026<\/p>\n\n\n\n<p>Ouvert : Ontario &amp; Qu\u00e9bec<\/p>\n<\/div>\n<\/div>\n<\/div>\n<\/div>\n\n\n\n<div style=\"height:25px\" aria-hidden=\"true\" class=\"wp-block-spacer\"><\/div>\n\n\n\n<div class=\"wp-block-columns is-layout-flex wp-container-core-columns-is-layout-9d6595d7 wp-block-columns-is-layout-flex\">\n<div class=\"wp-block-column is-layout-flow wp-block-column-is-layout-flow\">\n<div class=\"wp-block-group is-layout-constrained wp-block-group-is-layout-constrained\">\n<div class=\"wp-block-group is-layout-constrained wp-block-group-is-layout-constrained\">\n<h3 class=\"wp-block-heading\"><strong><strong><strong><strong>F\u00eate de la Reine<\/strong><\/strong><\/strong><\/strong><\/h3>\n\n\n\n<p>Lundi 18 mai 2026<\/p>\n\n\n\n<p>Ferm\u00e9 : Ontario &amp; Qu\u00e9bec<\/p>\n<\/div>\n<\/div>\n<\/div>\n\n\n\n<div class=\"wp-block-column is-layout-flow wp-block-column-is-layout-flow\">\n<div class=\"wp-block-group is-layout-constrained wp-block-group-is-layout-constrained\">\n<div class=\"wp-block-group is-layout-constrained wp-block-group-is-layout-constrained\">\n<h3 class=\"wp-block-heading\"><strong><strong><strong><strong><strong>Action de gr\u00e2ce<\/strong><\/strong><\/strong><\/strong><\/strong><\/h3>\n\n\n\n<p>Lundi 12 octobre 2026<\/p>\n\n\n\n<p>Ferm\u00e9 : Ontario &amp; Qu\u00e9bec<\/p>\n<\/div>\n<\/div>\n<\/div>\n<\/div>\n\n\n\n<div style=\"height:25px\" aria-hidden=\"true\" class=\"wp-block-spacer\"><\/div>\n\n\n\n<div class=\"wp-block-columns is-layout-flex wp-container-core-columns-is-layout-9d6595d7 wp-block-columns-is-layout-flex\">\n<div class=\"wp-block-column is-layout-flow wp-block-column-is-layout-flow\">\n<div class=\"wp-block-group is-layout-constrained wp-block-group-is-layout-constrained\">\n<div class=\"wp-block-group is-layout-constrained wp-block-group-is-layout-constrained\">\n<div class=\"wp-block-group is-layout-constrained wp-block-group-is-layout-constrained\">\n<h3 class=\"wp-block-heading\"><strong><strong><strong><strong><strong>F\u00eate nationale du Qu\u00e9bec<\/strong><\/strong><\/strong><\/strong><\/strong><\/h3>\n\n\n\n<p>Mercredi 24 juin 2026<\/p>\n\n\n\n<p>Ferm\u00e9 : Qu\u00e9bec<br>Ouvert : Ontario<\/p>\n<\/div>\n<\/div>\n<\/div>\n<\/div>\n\n\n\n<div class=\"wp-block-column is-layout-flow wp-block-column-is-layout-flow\">\n<div class=\"wp-block-group is-layout-constrained wp-block-group-is-layout-constrained\">\n<div class=\"wp-block-group is-layout-constrained wp-block-group-is-layout-constrained\">\n<h3 class=\"wp-block-heading\"><strong><strong><strong><strong><strong><strong>Jour du Souvenir<\/strong><\/strong><\/strong><\/strong><\/strong><\/strong><\/h3>\n\n\n\n<p>Mercredi 11 novembre 2026<\/p>\n\n\n\n<p>Ouvert : Ontario &amp; Qu\u00e9bec<\/p>\n<\/div>\n<\/div>\n<\/div>\n<\/div>\n\n\n\n<div style=\"height:25px\" aria-hidden=\"true\" class=\"wp-block-spacer\"><\/div>\n\n\n\n<div class=\"wp-block-columns is-layout-flex wp-container-core-columns-is-layout-9d6595d7 wp-block-columns-is-layout-flex\">\n<div class=\"wp-block-column is-layout-flow wp-block-column-is-layout-flow\">\n<div class=\"wp-block-group is-layout-constrained wp-block-group-is-layout-constrained\">\n<div class=\"wp-block-group is-layout-constrained wp-block-group-is-layout-constrained\">\n<h3 class=\"wp-block-heading\"><strong><strong><strong>F\u00eate du Canada<\/strong><\/strong><\/strong><\/h3>\n\n\n\n<p>Mercredi 1er juillet 2026<\/p>\n\n\n\n<p class=\"has-small-font-size\">Ferm\u00e9 : Ontario &amp; Qu\u00e9bec<\/p>\n<\/div>\n<\/div>\n<\/div>\n\n\n\n<div class=\"wp-block-column is-layout-flow wp-block-column-is-layout-flow\">\n<h3 class=\"wp-block-heading\"><\/h3>\n<\/div>\n<\/div>\n\n\n\n<div style=\"height:50px\" aria-hidden=\"true\" class=\"wp-block-spacer\"><\/div>\n\n\n\n<h2 class=\"wp-block-heading has-text-align-center\"><strong><strong><strong><strong><strong><strong><strong>Vacances de No\u00ebl<\/strong><\/strong><\/strong><\/strong><\/strong><\/strong><\/strong><\/h2>\n\n\n\n<div style=\"height:50px\" aria-hidden=\"true\" class=\"wp-block-spacer\"><\/div>\n\n\n\n<h3 class=\"wp-block-heading has-text-align-center\"><strong><strong><strong><strong><strong><strong><strong><strong><strong><strong><strong><strong><strong><strong>Veille de No\u00ebl<\/strong><\/strong><\/strong><\/strong><\/strong><\/strong><\/strong><\/strong><\/strong><\/strong><\/strong><\/strong><\/strong><\/strong><\/h3>\n\n\n\n<p class=\"has-text-align-center\">Jeudi 24 d\u00e9cembre 2026<\/p>\n\n\n\n<p class=\"has-text-align-center has-small-font-size\">Ouvert : Ontario et Qu\u00e9bec (Personnel r\u00e9duit, fermeture anticip\u00e9e)<\/p>\n\n\n\n<div style=\"height:25px\" aria-hidden=\"true\" class=\"wp-block-spacer\"><\/div>\n\n\n\n<div class=\"wp-block-group is-layout-constrained wp-block-group-is-layout-constrained\">\n<h3 class=\"wp-block-heading has-text-align-center\"><strong><strong><strong><strong><strong><strong><strong><strong>Jour de No\u00ebl<\/strong><\/strong><\/strong><\/strong><\/strong><\/strong><\/strong><\/strong><\/h3>\n\n\n\n<p class=\"has-text-align-center\">Vendredi 25 d\u00e9cembre 2026<\/p>\n\n\n\n<p class=\"has-text-align-center has-small-font-size\"><strong>Ferm\u00e9 : Ontario et Qu\u00e9bec<\/strong><\/p>\n<\/div>\n\n\n\n<div style=\"height:25px\" aria-hidden=\"true\" class=\"wp-block-spacer\"><\/div>\n\n\n\n<h3 class=\"wp-block-heading has-text-align-center\"><strong><strong><strong><strong><strong><strong><strong><strong>Lendemain de No\u00ebl<\/strong><\/strong><\/strong><\/strong><\/strong><\/strong><\/strong><\/strong><\/h3>\n\n\n\n<p class=\"has-text-align-center\">Lundi 28 d\u00e9cembre 2026<\/p>\n\n\n\n<p class=\"has-text-align-center has-small-font-size\">Ferm\u00e9 : Ontario et Qu\u00e9bec<\/p>\n\n\n\n<div style=\"height:25px\" aria-hidden=\"true\" class=\"wp-block-spacer\"><\/div>\n\n\n\n<h3 class=\"wp-block-heading has-text-align-center\"><strong><strong><strong><strong><strong><strong><strong><strong><strong>Veille du Jour de l\u2019An<\/strong><\/strong><\/strong><\/strong><\/strong><\/strong><\/strong><\/strong><\/strong><\/h3>\n\n\n\n<p class=\"has-text-align-center\">Jeudi 31 d\u00e9cembre 2026<\/p>\n\n\n\n<p class=\"has-text-align-center has-small-font-size\">Ouvert : Ontario &amp; Qu\u00e9bec<br>(Personnel r\u00e9duit, fermeture anticip\u00e9e)<\/p>\n\n\n\n<div style=\"height:25px\" aria-hidden=\"true\" class=\"wp-block-spacer\"><\/div>\n\n\n\n<h3 class=\"wp-block-heading has-text-align-center\"><strong><strong><strong><strong><strong><strong><strong><strong><strong><strong>Jour de l'An 2025<\/strong><\/strong><\/strong><\/strong><\/strong><\/strong><\/strong><\/strong><\/strong><\/strong><\/h3>\n\n\n\n<p class=\"has-text-align-center\">Vendredi 1er janvier 2027<\/p>\n\n\n\n<p class=\"has-text-align-center has-small-font-size\">Ferm\u00e9 : Ontario et Qu\u00e9bec<\/p>\n\n\n\n<div style=\"height:25px\" aria-hidden=\"true\" class=\"wp-block-spacer\"><\/div>\n\n\n\n<div class=\"wp-block-buttons is-content-justification-center is-layout-flex wp-container-core-buttons-is-layout-16018d1d wp-block-buttons-is-layout-flex\">\n<div class=\"wp-block-button file-pdf\"><a class=\"wp-block-button__link wp-element-button\" href=\"\/wp-content\/documents\/holidayschedule-fr.pdf\" target=\"_blank\" rel=\"noreferrer noopener\">Calendrier des Jours F\u00e9ri\u00e9s<\/a><\/div>\n<\/div>\n\n\n\n<p class=\"has-text-align-right\"><strong>*Sujet \u00e0 changement&nbsp;<\/strong><\/p>","protected":false},"excerpt":{"rendered":"<p>2026 Family Day Monday February 16, 2026 Open: QuebecClosed: Ontario Civic Holiday Monday, August 3, 2026 Open: QuebecClosed: Ontario Easter (Good Friday) Friday, April 3, 2026 Open:&nbsp; Quebec Province&nbsp;(Except Greater Montreal &amp; Gatineau closed)Closed: Ontario Labour Day Monday, September 1, 2026 Closed:&nbsp; Ontario &amp; Quebec Easter (Monday) Monday, April 6, 2026 Closed: Quebec Province(Except Greater [&hellip;]<\/p>\n","protected":false},"author":1,"featured_media":0,"parent":33,"menu_order":160,"comment_status":"closed","ping_status":"closed","template":"","meta":{"_acf_changed":false,"_et_pb_use_builder":"","_et_pb_old_content":"","_et_gb_content_width":"","footnotes":""},"class_list":["post-39","page","type-page","status-publish","hentry"],"acf":[],"_links":{"self":[{"href":"https:\/\/minimaxexpress.com\/fr\/wp-json\/wp\/v2\/pages\/39","targetHints":{"allow":["GET"]}}],"collection":[{"href":"https:\/\/minimaxexpress.com\/fr\/wp-json\/wp\/v2\/pages"}],"about":[{"href":"https:\/\/minimaxexpress.com\/fr\/wp-json\/wp\/v2\/types\/page"}],"author":[{"embeddable":true,"href":"https:\/\/minimaxexpress.com\/fr\/wp-json\/wp\/v2\/users\/1"}],"replies":[{"embeddable":true,"href":"https:\/\/minimaxexpress.com\/fr\/wp-json\/wp\/v2\/comments?post=39"}],"version-history":[{"count":45,"href":"https:\/\/minimaxexpress.com\/fr\/wp-json\/wp\/v2\/pages\/39\/revisions"}],"predecessor-version":[{"id":1691,"href":"https:\/\/minimaxexpress.com\/fr\/wp-json\/wp\/v2\/pages\/39\/revisions\/1691"}],"up":[{"embeddable":true,"href":"https:\/\/minimaxexpress.com\/fr\/wp-json\/wp\/v2\/pages\/33"}],"wp:attachment":[{"href":"https:\/\/minimaxexpress.com\/fr\/wp-json\/wp\/v2\/media?parent=39"}],"curies":[{"name":"wp","href":"https:\/\/api.w.org\/{rel}","templated":true}]}}