{"id":37,"date":"2023-09-07T14:22:42","date_gmt":"2023-09-07T18:22:42","guid":{"rendered":"https:\/\/minimaxexpress.com\/resources\/fees-surcharges\/"},"modified":"2026-03-05T16:23:31","modified_gmt":"2026-03-05T21:23:31","slug":"fees-surcharges","status":"publish","type":"page","link":"https:\/\/minimaxexpress.com\/fr\/resources\/fees-surcharges\/","title":{"rendered":"Frais et Suppl\u00e9ments"},"content":{"rendered":"<h2 class=\"wp-block-heading\">Frais accessoires <\/h2>\n\n\n\n<p>Les frais accessoires sont des frais suppl\u00e9mentaires ajout\u00e9s \u00e0 un devis de fret pour des services additionnels que nous fournissons afin de compl\u00e9ter les ramassages et les livraisons. Ces frais incluent g\u00e9n\u00e9ralement le besoin pour un transporteur de fournir des services\/\u00e9quipements sp\u00e9ciaux tels que des hayons \u00e9l\u00e9vateurs, des rendez-vous, un service chauff\u00e9 et bien plus encore. Ces frais peuvent \u00eatre appliqu\u00e9s apr\u00e8s l'ex\u00e9cution de l'exp\u00e9dition si de tels frais ont \u00e9t\u00e9 omis pendant le processus de soumission. <\/p>\n\n\n\n<p>Pour obtenir la liste compl\u00e8te de nos frais accessoires, veuillez utiliser le lien ci-dessous.<\/p>\n\n\n\n<p><\/p>\n\n\n\n<div class=\"wp-block-buttons is-layout-flex wp-block-buttons-is-layout-flex\">\n<div class=\"wp-block-button file-pdf\"><a class=\"wp-block-button__link wp-element-button\" href=\"\/wp-content\/documents\/Accessorial_Charges_FR.pdf\" target=\"_blank\" rel=\"noreferrer noopener\">Frais accessoires<\/a><\/div>\n<\/div>","protected":false},"excerpt":{"rendered":"<p>Accessorial Charges Accessorial charges are additional fees added to a freight quote for additional services we provide in order to complete pickups and deliveries. These charges commonly include the need for an LTL carrier to provide special services\/equipment such as tailgates, appointments, heated service and many more. These charges may be applied after the shipment [&hellip;]<\/p>\n","protected":false},"author":1,"featured_media":0,"parent":33,"menu_order":150,"comment_status":"closed","ping_status":"closed","template":"","meta":{"_acf_changed":false,"_et_pb_use_builder":"","_et_pb_old_content":"","_et_gb_content_width":"","footnotes":""},"class_list":["post-37","page","type-page","status-publish","hentry"],"acf":[],"_links":{"self":[{"href":"https:\/\/minimaxexpress.com\/fr\/wp-json\/wp\/v2\/pages\/37","targetHints":{"allow":["GET"]}}],"collection":[{"href":"https:\/\/minimaxexpress.com\/fr\/wp-json\/wp\/v2\/pages"}],"about":[{"href":"https:\/\/minimaxexpress.com\/fr\/wp-json\/wp\/v2\/types\/page"}],"author":[{"embeddable":true,"href":"https:\/\/minimaxexpress.com\/fr\/wp-json\/wp\/v2\/users\/1"}],"replies":[{"embeddable":true,"href":"https:\/\/minimaxexpress.com\/fr\/wp-json\/wp\/v2\/comments?post=37"}],"version-history":[{"count":10,"href":"https:\/\/minimaxexpress.com\/fr\/wp-json\/wp\/v2\/pages\/37\/revisions"}],"predecessor-version":[{"id":1788,"href":"https:\/\/minimaxexpress.com\/fr\/wp-json\/wp\/v2\/pages\/37\/revisions\/1788"}],"up":[{"embeddable":true,"href":"https:\/\/minimaxexpress.com\/fr\/wp-json\/wp\/v2\/pages\/33"}],"wp:attachment":[{"href":"https:\/\/minimaxexpress.com\/fr\/wp-json\/wp\/v2\/media?parent=37"}],"curies":[{"name":"wp","href":"https:\/\/api.w.org\/{rel}","templated":true}]}}