{"id":33,"date":"2023-09-07T14:22:42","date_gmt":"2023-09-07T18:22:42","guid":{"rendered":"https:\/\/minimaxexpress.com\/resources\/"},"modified":"2025-03-06T11:00:50","modified_gmt":"2025-03-06T16:00:50","slug":"resources","status":"publish","type":"page","link":"https:\/\/minimaxexpress.com\/fr\/resources\/","title":{"rendered":"Ressources"},"content":{"rendered":"<h2 class=\"wp-block-heading\">Bienvenue dans le centre de ressources de Minimax Express, votre destination de choix pour tout ce qui concerne le transport. <\/h2>\n\n\n\n<p>Nous avons simplifi\u00e9 le processus afin de rendre votre exp\u00e9rience plus fluide et efficace.<\/p>\n\n\n\n<p>Que vous souhaitiez vous familiariser avec la paperasserie \u00e0vec nos <a href=\"\/fr\/resources\/shipping-forms\/\" data-type=\"page\" data-id=\"35\">Formulaires d'exp\u00e9dition<\/a> faciles \u00e0 utiliser ou que vous exploriez l'aspect financier avec nos <a href=\"\/fr\/resources\/fees-surcharges\/\" data-type=\"page\" data-id=\"37\">Frais et suppl\u00e9ments<\/a>, nous avons ce qu'il vous faut. Planifiez vos envois en fonction des jours f\u00e9ri\u00e9s gr\u00e2ce \u00e0 notre <a href=\"\/fr\/resources\/holiday-schedule\/\" data-type=\"page\" data-id=\"39\">horaire pratique<\/a>. Obtenez ais\u00e9ment les documents n\u00e9cessaires lorsque vous avez <a href=\"\/fr\/resources\/obtain-an-invoice\/\" data-type=\"page\" data-id=\"45\">besoin d'une facture<\/a>. Vous avez des questions? Consultez notre <a href=\"\/fr\/resources\/faq\/\" data-type=\"page\" data-id=\"47\">FAQ<\/a> our des r\u00e9ponses rapides.<\/p>\n\n\n\n<p>Consid\u00e9rez ce centre comme votre compagnon d\u2019exp\u00e9dition, con\u00e7u pour rendre votre parcours logistique simple et professionnel. Pas de fioritures, juste l\u2019information essentielle pour exp\u00e9dier en toute confiance.<\/p>","protected":false},"excerpt":{"rendered":"<p>Welcome to the Minimax Express Resources hub, your go-to destination for all things shipping. We&#8217;ve simplified the process to make your experience smoother and more efficient. Whether you&#8217;re navigating paperwork with our easy-to-use Shipping Forms or exploring the financial side with Fees &amp; Surcharges, we&#8217;ve got you covered. Plan your shipments around holidays with our [&hellip;]<\/p>\n","protected":false},"author":1,"featured_media":820,"parent":0,"menu_order":130,"comment_status":"closed","ping_status":"closed","template":"","meta":{"_acf_changed":false,"_et_pb_use_builder":"","_et_pb_old_content":"","_et_gb_content_width":"","footnotes":""},"class_list":["post-33","page","type-page","status-publish","has-post-thumbnail","hentry"],"acf":[],"_links":{"self":[{"href":"https:\/\/minimaxexpress.com\/fr\/wp-json\/wp\/v2\/pages\/33","targetHints":{"allow":["GET"]}}],"collection":[{"href":"https:\/\/minimaxexpress.com\/fr\/wp-json\/wp\/v2\/pages"}],"about":[{"href":"https:\/\/minimaxexpress.com\/fr\/wp-json\/wp\/v2\/types\/page"}],"author":[{"embeddable":true,"href":"https:\/\/minimaxexpress.com\/fr\/wp-json\/wp\/v2\/users\/1"}],"replies":[{"embeddable":true,"href":"https:\/\/minimaxexpress.com\/fr\/wp-json\/wp\/v2\/comments?post=33"}],"version-history":[{"count":5,"href":"https:\/\/minimaxexpress.com\/fr\/wp-json\/wp\/v2\/pages\/33\/revisions"}],"predecessor-version":[{"id":1425,"href":"https:\/\/minimaxexpress.com\/fr\/wp-json\/wp\/v2\/pages\/33\/revisions\/1425"}],"wp:featuredmedia":[{"embeddable":true,"href":"https:\/\/minimaxexpress.com\/fr\/wp-json\/wp\/v2\/media\/820"}],"wp:attachment":[{"href":"https:\/\/minimaxexpress.com\/fr\/wp-json\/wp\/v2\/media?parent=33"}],"curies":[{"name":"wp","href":"https:\/\/api.w.org\/{rel}","templated":true}]}}