{"id":31,"date":"2023-09-07T14:22:42","date_gmt":"2023-09-07T18:22:42","guid":{"rendered":"https:\/\/minimaxexpress.com\/services\/minimax-go-direct\/"},"modified":"2024-05-28T15:22:58","modified_gmt":"2024-05-28T19:22:58","slug":"minimax-go-direct","status":"publish","type":"page","link":"https:\/\/minimaxexpress.com\/fr\/services\/minimax-go-direct\/","title":{"rendered":"Minimax GO Direct"},"content":{"rendered":"<figure class=\"wp-block-image size-full is-resized\"><a href=\"https:\/\/www.minimaxgodirect.com\/\" target=\"_blank\" rel=\"noreferrer noopener\"><img decoding=\"async\" src=\"https:\/\/minimaxexpress.com\/wp-content\/uploads\/2023\/11\/MINIMAX-Go-Direct-Logo.svg\" alt=\"\" class=\"wp-image-813\" style=\"width:250px\"\/><\/a><\/figure>\n\n\n\n<h3 class=\"wp-block-heading\"><strong><\/strong>Transport LTL express<\/h3>\n\n\n\n<p>Votre cargaison sera r\u00e9cup\u00e9r\u00e9e et achemin\u00e9e directement chez votre client de mani\u00e8re s\u00e9curitaire et exp\u00e9ditive.&nbsp;<\/p>\n\n\n\n<h3 class=\"wp-block-heading\">Service de flotte r\u00e9serv\u00e9e<\/h3>\n\n\n\n<p>C'est comme avoir une flotte de camions sans les co\u00fbts de propri\u00e9t\u00e9. Vous pouvez personnaliser l'utilisation du camion, puisque seul votre chargement y est.&nbsp;<\/p>\n\n\n\n<h3 class=\"wp-block-heading\">Service \u00ab gants blancs \u00bb<\/h3>\n\n\n\n<p>Pour vos livraisons sp\u00e9cialis\u00e9es. Inclut la mise en place, l'installation et l'enl\u00e8vement des calages. Lorsque nous quittons le site de livraison, votre exp\u00e9dition est install\u00e9e et pr\u00eate.<\/p>\n\n\n\n<p>Click <a href=\"https:\/\/www.minimaxgodirect.com\" target=\"_blank\" rel=\"noreferrer noopener\">HERE<\/a> to visit Minimax GO Direct.<\/p>","protected":false},"excerpt":{"rendered":"<p>Expedited Less-than-Truckload (LTL) Your freight will be picked up and transported directly to your customer in a safe and expeditious manner.&nbsp; Dedicated Fleet Service Like having a fleet of trucks without the cost of ownership. You can customize the utilization of the truck as only your freight is on board.&nbsp; White Glove Service For your [&hellip;]<\/p>\n","protected":false},"author":1,"featured_media":0,"parent":23,"menu_order":120,"comment_status":"closed","ping_status":"closed","template":"","meta":{"_acf_changed":false,"_et_pb_use_builder":"","_et_pb_old_content":"","_et_gb_content_width":"","footnotes":""},"class_list":["post-31","page","type-page","status-publish","hentry"],"acf":[],"_links":{"self":[{"href":"https:\/\/minimaxexpress.com\/fr\/wp-json\/wp\/v2\/pages\/31","targetHints":{"allow":["GET"]}}],"collection":[{"href":"https:\/\/minimaxexpress.com\/fr\/wp-json\/wp\/v2\/pages"}],"about":[{"href":"https:\/\/minimaxexpress.com\/fr\/wp-json\/wp\/v2\/types\/page"}],"author":[{"embeddable":true,"href":"https:\/\/minimaxexpress.com\/fr\/wp-json\/wp\/v2\/users\/1"}],"replies":[{"embeddable":true,"href":"https:\/\/minimaxexpress.com\/fr\/wp-json\/wp\/v2\/comments?post=31"}],"version-history":[{"count":6,"href":"https:\/\/minimaxexpress.com\/fr\/wp-json\/wp\/v2\/pages\/31\/revisions"}],"predecessor-version":[{"id":1010,"href":"https:\/\/minimaxexpress.com\/fr\/wp-json\/wp\/v2\/pages\/31\/revisions\/1010"}],"up":[{"embeddable":true,"href":"https:\/\/minimaxexpress.com\/fr\/wp-json\/wp\/v2\/pages\/23"}],"wp:attachment":[{"href":"https:\/\/minimaxexpress.com\/fr\/wp-json\/wp\/v2\/media?parent=31"}],"curies":[{"name":"wp","href":"https:\/\/api.w.org\/{rel}","templated":true}]}}