{"id":29,"date":"2023-09-07T14:22:42","date_gmt":"2023-09-07T18:22:42","guid":{"rendered":"https:\/\/minimaxexpress.com\/services\/minimax-global-solutions\/"},"modified":"2024-05-28T15:18:54","modified_gmt":"2024-05-28T19:18:54","slug":"minimax-global-solutions","status":"publish","type":"page","link":"https:\/\/minimaxexpress.com\/fr\/services\/minimax-global-solutions\/","title":{"rendered":"Minimax Global Solutions"},"content":{"rendered":"<figure class=\"wp-block-image size-full is-resized\"><a href=\"https:\/\/www.minimaxglobalsolutions.com\/\" target=\"_blank\" rel=\"noreferrer noopener\"><img decoding=\"async\" src=\"https:\/\/minimaxexpress.com\/wp-content\/uploads\/2023\/11\/Minimax-Global-Solutions-Logo.svg\" alt=\"\" class=\"wp-image-809\" style=\"width:250px\"\/><\/a><\/figure>\n\n\n\n<h2 class=\"wp-block-heading\">En tant que fournisseur de services logistiques cl\u00e9 en main, nous disposons de services et de tarifs \u00e9tablis aupr\u00e8s de centaines de transporteurs.<\/h2>\n\n\n\n<p>Les Solutions globales Minimax peut r\u00e9pondre \u00e0 tous vos besoins d'exp\u00e9dition, que ce soit pour soutenir vos capacit\u00e9s localement ou pour acheminer vos marchandises \u00e0 travers le Canada, les \u00c9tats-Unis ou \u00e0 l'\u00e9chelle internationale, et ce, par tous les moyens de transport.&nbsp;<\/p>\n\n\n\n<p>Notre portail client \u00e0 la fine pointe de la technologie vous offre un contr\u00f4le total sur vos exp\u00e9ditions, du d\u00e9but \u00e0 la fin.&nbsp;<\/p>\n\n\n\n<p>Click <a href=\"https:\/\/www.minimaxglobalsolutions.com\/\" data-type=\"link\" data-id=\"https:\/\/www.minimaxglobalsolutions.com\/\" target=\"_blank\" rel=\"noreferrer noopener\">HERE<\/a> to visit Minimax Global Solutions.<\/p>","protected":false},"excerpt":{"rendered":"<p>A full-service logistics provider with established services and pricing with hundreds of carriers. Minimax Global Solutions can handle all your shipping needs whether it is supporting capacity locally or moving freight across Canada, US or globally by any means of transportation.&nbsp; Our state of the art customer portal gives you complete control over your shipment [&hellip;]<\/p>\n","protected":false},"author":1,"featured_media":0,"parent":23,"menu_order":110,"comment_status":"closed","ping_status":"closed","template":"","meta":{"_acf_changed":false,"_et_pb_use_builder":"","_et_pb_old_content":"","_et_gb_content_width":"","footnotes":""},"class_list":["post-29","page","type-page","status-publish","hentry"],"acf":[],"_links":{"self":[{"href":"https:\/\/minimaxexpress.com\/fr\/wp-json\/wp\/v2\/pages\/29","targetHints":{"allow":["GET"]}}],"collection":[{"href":"https:\/\/minimaxexpress.com\/fr\/wp-json\/wp\/v2\/pages"}],"about":[{"href":"https:\/\/minimaxexpress.com\/fr\/wp-json\/wp\/v2\/types\/page"}],"author":[{"embeddable":true,"href":"https:\/\/minimaxexpress.com\/fr\/wp-json\/wp\/v2\/users\/1"}],"replies":[{"embeddable":true,"href":"https:\/\/minimaxexpress.com\/fr\/wp-json\/wp\/v2\/comments?post=29"}],"version-history":[{"count":7,"href":"https:\/\/minimaxexpress.com\/fr\/wp-json\/wp\/v2\/pages\/29\/revisions"}],"predecessor-version":[{"id":1008,"href":"https:\/\/minimaxexpress.com\/fr\/wp-json\/wp\/v2\/pages\/29\/revisions\/1008"}],"up":[{"embeddable":true,"href":"https:\/\/minimaxexpress.com\/fr\/wp-json\/wp\/v2\/pages\/23"}],"wp:attachment":[{"href":"https:\/\/minimaxexpress.com\/fr\/wp-json\/wp\/v2\/media?parent=29"}],"curies":[{"name":"wp","href":"https:\/\/api.w.org\/{rel}","templated":true}]}}