{"id":27,"date":"2023-09-07T14:22:42","date_gmt":"2023-09-07T18:22:42","guid":{"rendered":"https:\/\/minimaxexpress.com\/services\/minimax-warehousing\/"},"modified":"2024-02-22T12:22:06","modified_gmt":"2024-02-22T17:22:06","slug":"minimax-warehousing","status":"publish","type":"page","link":"https:\/\/minimaxexpress.com\/fr\/services\/minimax-warehousing\/","title":{"rendered":"Entreposage Minimax"},"content":{"rendered":"<h2 class=\"wp-block-heading\">Avec plus de 100 000 pieds carr\u00e9s d'espace d'entreposage r\u00e9partis dans trois sites, nous offrons un service d'entreposage personnalis\u00e9.<\/h2>\n\n\n\n<p>Ce service d\u00e9di\u00e9 convient aux clients qui ont besoin d'occuper une grande partie de nos installations \u00e0 tout moment. Situ\u00e9es dans la r\u00e9gion du Grand Toronto et dans l'est de l'Ontario, nos installations sont id\u00e9alement plac\u00e9es pour servir nos clients en Ontario et au Qu\u00e9bec. Nous nous sp\u00e9cialisons dans les produits secs, les produits industriels et l'emballage, et nous disposons de rayonnages standard.<\/p>\n\n\n\n<p>Sur le plan technologique, nous utilisons des logiciels de gestion d'entrep\u00f4t et de contr\u00f4le des stocks, et pouvons \u00e9galement int\u00e9grer les proc\u00e9dures op\u00e9rationnelles sp\u00e9cifiques de chaque client, notamment la technologie de lecture par scanner \u00e0 main. Contactez aujourd'hui notre \u00e9quipe d'entreposage pour en savoir plus.<\/p>","protected":false},"excerpt":{"rendered":"<p>With over 100,000 sq. ft. of warehouse space in three locations, we offer a personalized warehousing service. This dedicated service suits customers who need a large portion of our facility at any given time. Located in the GTA and Eastern Ontario, our facilities are ideally situated to serve our customers in both Ontario and Quebec. [&hellip;]<\/p>\n","protected":false},"author":1,"featured_media":897,"parent":23,"menu_order":100,"comment_status":"closed","ping_status":"closed","template":"","meta":{"_acf_changed":false,"_et_pb_use_builder":"","_et_pb_old_content":"","_et_gb_content_width":"","footnotes":""},"class_list":["post-27","page","type-page","status-publish","has-post-thumbnail","hentry"],"acf":[],"_links":{"self":[{"href":"https:\/\/minimaxexpress.com\/fr\/wp-json\/wp\/v2\/pages\/27","targetHints":{"allow":["GET"]}}],"collection":[{"href":"https:\/\/minimaxexpress.com\/fr\/wp-json\/wp\/v2\/pages"}],"about":[{"href":"https:\/\/minimaxexpress.com\/fr\/wp-json\/wp\/v2\/types\/page"}],"author":[{"embeddable":true,"href":"https:\/\/minimaxexpress.com\/fr\/wp-json\/wp\/v2\/users\/1"}],"replies":[{"embeddable":true,"href":"https:\/\/minimaxexpress.com\/fr\/wp-json\/wp\/v2\/comments?post=27"}],"version-history":[{"count":4,"href":"https:\/\/minimaxexpress.com\/fr\/wp-json\/wp\/v2\/pages\/27\/revisions"}],"predecessor-version":[{"id":798,"href":"https:\/\/minimaxexpress.com\/fr\/wp-json\/wp\/v2\/pages\/27\/revisions\/798"}],"up":[{"embeddable":true,"href":"https:\/\/minimaxexpress.com\/fr\/wp-json\/wp\/v2\/pages\/23"}],"wp:featuredmedia":[{"embeddable":true,"href":"https:\/\/minimaxexpress.com\/fr\/wp-json\/wp\/v2\/media\/897"}],"wp:attachment":[{"href":"https:\/\/minimaxexpress.com\/fr\/wp-json\/wp\/v2\/media?parent=27"}],"curies":[{"name":"wp","href":"https:\/\/api.w.org\/{rel}","templated":true}]}}