{"id":25,"date":"2023-09-07T14:22:42","date_gmt":"2023-09-07T18:22:42","guid":{"rendered":"https:\/\/minimaxexpress.com\/services\/minimax-ltl\/"},"modified":"2024-03-12T10:13:19","modified_gmt":"2024-03-12T14:13:19","slug":"minimax-ltl","status":"publish","type":"page","link":"https:\/\/minimaxexpress.com\/fr\/services\/minimax-ltl\/","title":{"rendered":"Services de Transport LTL Minimax"},"content":{"rendered":"<figure class=\"wp-block-image size-large\"><img loading=\"lazy\" decoding=\"async\" width=\"1024\" height=\"427\" src=\"https:\/\/minimaxexpress.com\/wp-content\/uploads\/2023\/11\/Calendar-2022-1024x427.jpg\" alt=\"\" class=\"wp-image-821\" srcset=\"https:\/\/minimaxexpress.com\/wp-content\/uploads\/2023\/11\/Calendar-2022-980x408.jpg 980w, https:\/\/minimaxexpress.com\/wp-content\/uploads\/2023\/11\/Calendar-2022-480x200.jpg 480w\" sizes=\"(min-width: 0px) and (max-width: 480px) 480px, (min-width: 481px) and (max-width: 980px) 980px, (min-width: 981px) 1024px, 100vw\" \/><\/figure>\n\n\n\n<p>Gr\u00e2ce \u00e0 nos six centres de service r\u00e9partis \u00e0 Drummondville au Qu\u00e9bec, ainsi qu'\u00e0 Cornwall, Belleville, Toronto, Hamilton et London en Ontario, nous avons toujours un chauffeur \u00e0 proximit\u00e9 pour prendre soin de vos chargements.\u00a0<\/p>\n\n\n\n<p>Notre flotte moderne de 150 camions et 200 remorques, jumel\u00e9e \u00e0 notre technologie de pointe et \u00e0 notre \u00e9quipe d'entretien interne, nous permet de compter sur les meilleurs talents de l'industrie.&nbsp;<\/p>\n\n\n\n<p>Livrer vos marchandises en toute int\u00e9grit\u00e9 et dans les d\u00e9lais convenus est notre priorit\u00e9 absolue. Nous manipulons vos biens avec le m\u00eame soin et la m\u00eame diligence que vous le feriez. Si un probl\u00e8me survenait, nous en assumerions l'enti\u00e8re responsabilit\u00e9 et verrions \u00e0 le r\u00e9soudre de mani\u00e8re satisfaisante.&nbsp;<\/p>\n\n\n\n<p>Sp\u00e9cialis\u00e9s dans les livraisons sur rendez-vous, notre flotte comprend \u00e9galement des hayons \u00e9l\u00e9vateurs et des remorques chauff\u00e9es.&nbsp;<\/p>\n\n\n\n<p>B\u00e2tir des partenariats et concevoir des solutions sur mesure pour nos clients constituent notre force.<\/p>","protected":false},"excerpt":{"rendered":"<p>With six service centers in Drummondville Quebec and Cornwall, Belleville, Toronto, Hamilton and London Ontario we always have a driver nearby to take care of your freight.\u00a0 We have the latest technology, a modern fleet of 150 trucks and 200 trailers, in house maintenance and the best people in the industry.&nbsp; Delivering your goods on [&hellip;]<\/p>\n","protected":false},"author":1,"featured_media":0,"parent":23,"menu_order":90,"comment_status":"closed","ping_status":"closed","template":"","meta":{"_acf_changed":false,"_et_pb_use_builder":"","_et_pb_old_content":"","_et_gb_content_width":"","footnotes":""},"class_list":["post-25","page","type-page","status-publish","hentry"],"acf":[],"_links":{"self":[{"href":"https:\/\/minimaxexpress.com\/fr\/wp-json\/wp\/v2\/pages\/25","targetHints":{"allow":["GET"]}}],"collection":[{"href":"https:\/\/minimaxexpress.com\/fr\/wp-json\/wp\/v2\/pages"}],"about":[{"href":"https:\/\/minimaxexpress.com\/fr\/wp-json\/wp\/v2\/types\/page"}],"author":[{"embeddable":true,"href":"https:\/\/minimaxexpress.com\/fr\/wp-json\/wp\/v2\/users\/1"}],"replies":[{"embeddable":true,"href":"https:\/\/minimaxexpress.com\/fr\/wp-json\/wp\/v2\/comments?post=25"}],"version-history":[{"count":4,"href":"https:\/\/minimaxexpress.com\/fr\/wp-json\/wp\/v2\/pages\/25\/revisions"}],"predecessor-version":[{"id":951,"href":"https:\/\/minimaxexpress.com\/fr\/wp-json\/wp\/v2\/pages\/25\/revisions\/951"}],"up":[{"embeddable":true,"href":"https:\/\/minimaxexpress.com\/fr\/wp-json\/wp\/v2\/pages\/23"}],"wp:attachment":[{"href":"https:\/\/minimaxexpress.com\/fr\/wp-json\/wp\/v2\/media?parent=25"}],"curies":[{"name":"wp","href":"https:\/\/api.w.org\/{rel}","templated":true}]}}