{"id":23,"date":"2023-09-07T14:22:42","date_gmt":"2023-09-07T18:22:42","guid":{"rendered":"https:\/\/minimaxexpress.com\/services\/"},"modified":"2023-11-22T10:44:34","modified_gmt":"2023-11-22T15:44:34","slug":"services","status":"publish","type":"page","link":"https:\/\/minimaxexpress.com\/fr\/services\/","title":{"rendered":"Services"},"content":{"rendered":"<h2 class=\"wp-block-heading\">L'excellence \u00e0 chaque kilom\u00e8tre<\/h2>\n\n\n\n<p class=\"translation-block\">Nos services complets r\u00e9pondent \u00e0 un vaste \u00e9ventail de vos besoins d'exp\u00e9dition, assurant que vos marchandises soient manipul\u00e9es avec pr\u00e9cision et diligence. Explorez la fiabilit\u00e9 de notre r\u00e9seau de transport <a href=\"\/fr\/services\/minimax-ltl\/\" data-type=\"page\" data-id=\"25\" target=\"_self\">LTL Minimax<\/a>, qui compte six centres de service, une flotte moderne de 150 camions et 200 remorques, ainsi qu'une \u00e9quipe d\u00e9vou\u00e9e ax\u00e9e sur des livraisons ponctuelles et sans dommage.<\/p>\n\n\n\n<p class=\"translation-block\">Dans le domaine de <a href=\"\/fr\/services\/minimax-warehousing\/\" data-type=\"page\" data-id=\"27\" target=\"_self\">l'entreposage<\/a>, nos installations de 100 000 pi\u00b2 strat\u00e9giquement situ\u00e9es offrent des solutions sur mesure, notamment des espaces d\u00e9di\u00e9s, le contr\u00f4le des stocks et des proc\u00e9dures sp\u00e9cialis\u00e9es. En tant que fournisseur de services logistiques complets, <a href=\"\/fr\/services\/minimax-global-solutions\/\" data-type=\"page\" data-id=\"29\" target=\"_self\">Minimax Global Solutions<\/a> \u00e9tend notre port\u00e9e \u00e0 l'\u00e9chelle internationale, vous reliant \u00e0 un vaste r\u00e9seau de transporteurs par le biais de notre portail client \u00e0 la fine pointe de la technologie.<\/p>\n\n\n\n<p class=\"translation-block\">Pour ceux qui recherchent des solutions rapides, <a href=\"\/fr\/services\/minimax-go-direct\/\" data-type=\"page\" data-id=\"31\" target=\"_self\">Minimax GO Direct<\/a> garantit des livraisons s\u00e9curitaires et exp\u00e9ditives directement chez vos clients. Que vous utilisiez notre Service de v\u00e9hicules r\u00e9serv\u00e9s pour des options de camionnage personnalis\u00e9es ou notre Service \"gants blancs\" pour des livraisons sp\u00e9cialis\u00e9es comprenant la mise en place et l'installation, nous priorisons l'efficacit\u00e9 sans compromettre la qualit\u00e9.<\/p>\n\n\n\n<p class=\"translation-block\">Chez <a href=\"https:\/\/minimaxexpress.com\/fr\/services\/snowbird-transportation\/\" data-type=\"page\" data-id=\"479\" target=\"_self\">Snowbird Transportation<\/a>, notre engagement \u00e0 assurer la fluidit\u00e9 de vos exp\u00e9ditions LTL Minimax est in\u00e9branlable. Soutenus par une \u00e9quipe de professionnels du transport exp\u00e9riment\u00e9s et \u00e9quip\u00e9s de technologies modernes, nous veillons \u00e0 ce que vos envois atteignent leur destination sans encombre.<\/p>\n\n\n\n<p>D\u00e9couvrez la diff\u00e9rence Minimax, o\u00f9 l'excellence n'est pas seulement un objectif, mais bien la norme \u00e0 chaque kilom\u00e8tre parcouru.<\/p>","protected":false},"excerpt":{"rendered":"<p>Delivering Excellence Every Mile Our comprehensive services cater to a spectrum of shipping needs, ensuring your freight is handled with precision and care. Explore the reliability of our Minimax LTL network, boasting six service centers, a modern fleet of 150 trucks and 200 trailers, and a committed team focused on on-time, damage-free deliveries. In the [&hellip;]<\/p>\n","protected":false},"author":1,"featured_media":825,"parent":0,"menu_order":80,"comment_status":"closed","ping_status":"closed","template":"","meta":{"_acf_changed":false,"_et_pb_use_builder":"","_et_pb_old_content":"","_et_gb_content_width":"","footnotes":""},"class_list":["post-23","page","type-page","status-publish","has-post-thumbnail","hentry"],"acf":[],"_links":{"self":[{"href":"https:\/\/minimaxexpress.com\/fr\/wp-json\/wp\/v2\/pages\/23","targetHints":{"allow":["GET"]}}],"collection":[{"href":"https:\/\/minimaxexpress.com\/fr\/wp-json\/wp\/v2\/pages"}],"about":[{"href":"https:\/\/minimaxexpress.com\/fr\/wp-json\/wp\/v2\/types\/page"}],"author":[{"embeddable":true,"href":"https:\/\/minimaxexpress.com\/fr\/wp-json\/wp\/v2\/users\/1"}],"replies":[{"embeddable":true,"href":"https:\/\/minimaxexpress.com\/fr\/wp-json\/wp\/v2\/comments?post=23"}],"version-history":[{"count":9,"href":"https:\/\/minimaxexpress.com\/fr\/wp-json\/wp\/v2\/pages\/23\/revisions"}],"predecessor-version":[{"id":780,"href":"https:\/\/minimaxexpress.com\/fr\/wp-json\/wp\/v2\/pages\/23\/revisions\/780"}],"wp:featuredmedia":[{"embeddable":true,"href":"https:\/\/minimaxexpress.com\/fr\/wp-json\/wp\/v2\/media\/825"}],"wp:attachment":[{"href":"https:\/\/minimaxexpress.com\/fr\/wp-json\/wp\/v2\/media?parent=23"}],"curies":[{"name":"wp","href":"https:\/\/api.w.org\/{rel}","templated":true}]}}