{"id":17,"date":"2023-09-07T14:22:41","date_gmt":"2023-09-07T18:22:41","guid":{"rendered":"https:\/\/minimaxexpress.com\/ship\/bill-of-lading\/"},"modified":"2025-01-14T08:06:56","modified_gmt":"2025-01-14T13:06:56","slug":"bill-of-lading","status":"publish","type":"page","link":"https:\/\/minimaxexpress.com\/fr\/ship\/bill-of-lading\/","title":{"rendered":"Bordereau d'exp\u00e9dition"},"content":{"rendered":"<p>Le bordereau d'exp\u00e9dition (ou connaissement) est un document l\u00e9gal \u00e9mis par un transporteur \u00e0 un exp\u00e9diteur, d\u00e9taillant le type, la quantit\u00e9 et la destination des marchandises transport\u00e9es. Ce document sert \u00e9galement de re\u00e7u d'exp\u00e9dition lorsque le transporteur livre les marchandises \u00e0 la destination convenue. Il doit accompagner les produits exp\u00e9di\u00e9s, quel que soit le mode de transport, et \u00eatre sign\u00e9 par un repr\u00e9sentant autoris\u00e9 du transporteur, de l'exp\u00e9diteur et du destinataire.<\/p>\n\n\n\n<h3 class=\"wp-block-heading\">Informations contenues dans un bordereau d'exp\u00e9dition de marchandises<\/h3>\n\n\n\n<p>Le bordereau d'exp\u00e9dition comprend des d\u00e9tails sur les marchandises exp\u00e9di\u00e9es, l'origine et la destination de l'envoi, les parties impliqu\u00e9es, ainsi que les modalit\u00e9s et conditions de l'accord de transport. Voici les champs requis sur votre bordereau d'exp\u00e9dition :<\/p>\n\n\n\n<p><\/p>\n\n\n\n<ol class=\"wp-block-list\">\n<li><strong>Noms et adresses :<\/strong>Les noms et adresses complets de l'exp\u00e9diteur et du destinataire doivent \u00eatre clairement indiqu\u00e9s et faciles \u00e0 rep\u00e9rer.<\/li>\n\n\n\n<li><strong>Date :<\/strong>&nbsp;Il s'agit de la date de prise en charge, pouvant servir de r\u00e9f\u00e9rence pour le suivi du fret ou la r\u00e9conciliation des factures d'exp\u00e9dition.<\/li>\n\n\n\n<li><strong>Num\u00e9ros de r\u00e9f\u00e9rence :<\/strong>&nbsp;Ces num\u00e9ros peuvent \u00eatre importants pour votre entreprise ou constituer une r\u00e9f\u00e9rence n\u00e9cessaire pour la lib\u00e9ration du fret \u00e0 la prise en charge ou son acceptation \u00e0 la livraison.<\/li>\n\n\n\n<li><strong>Description des marchandises :<\/strong>&nbsp;Les exp\u00e9diteurs doivent noter le nombre d'unit\u00e9s exp\u00e9di\u00e9es, les dimensions et le poids, ainsi que des informations sur le mat\u00e9riau et sa composition.<\/li>\n\n\n\n<li><strong>Type d'emballage :<\/strong>&nbsp;Pr\u00e9cisez si vous utilisez des cartons, des caisses, des palettes et\/ou des f\u00fbts pour l'exp\u00e9dition.<\/li>\n\n\n\n<li><strong>Classe tarifaire NMFC :<\/strong>&nbsp;Les classes tarifaires peuvent avoir un impact sur le co\u00fbt de votre exp\u00e9dition. Les envois de fret sont r\u00e9partis en 18 classes en fonction du poids, des dimensions, de la densit\u00e9, de la capacit\u00e9 de stockage, de la facilit\u00e9 de manutention, de la valeur et de la responsabilit\u00e9.<\/li>\n\n\n\n<li><strong>Instructions sp\u00e9ciales :<\/strong>&nbsp;Notez toute instruction particuli\u00e8re \u00e0 l'attention du transporteur, comme des services suppl\u00e9mentaires tels que la livraison avec hayon \u00e9l\u00e9vateur ou les notifications de livraison.<\/li>\n\n\n\n<li><strong>D\u00e9signation des mati\u00e8res dangereuses : <\/strong>Les exp\u00e9ditions de mati\u00e8res dangereuses doivent \u00eatre clairement identifi\u00e9es avec leur classe respective. Des r\u00e8gles et exigences sp\u00e9ciales peuvent s'appliquer.<\/li>\n<\/ol>\n\n\n\n<div class=\"wp-block-buttons is-layout-flex wp-block-buttons-is-layout-flex\">\n<div class=\"wp-block-button file-pdf\"><a class=\"wp-block-button__link wp-element-button\" href=\"https:\/\/minimaxexpress.com\/wp-content\/uploads\/2025\/01\/Minimax-BOL-v2.pdf\" target=\"_blank\" rel=\"noreferrer noopener\">Formulaire de bordereau d'exp\u00e9dition<\/a><\/div>\n<\/div>","protected":false},"excerpt":{"rendered":"<p>A bill of lading (BL or BoL) is a legal document issued by a carrier (transportation company) to a shipper that details the type, quantity, and destination of the goods being carried. A bill of lading also serves as a shipment receipt when the carrier delivers the goods at a predetermined destination. This document must [&hellip;]<\/p>\n","protected":false},"author":1,"featured_media":0,"parent":11,"menu_order":50,"comment_status":"closed","ping_status":"closed","template":"","meta":{"_acf_changed":false,"_et_pb_use_builder":"","_et_pb_old_content":"","_et_gb_content_width":"","footnotes":""},"class_list":["post-17","page","type-page","status-publish","hentry"],"acf":[],"_links":{"self":[{"href":"https:\/\/minimaxexpress.com\/fr\/wp-json\/wp\/v2\/pages\/17","targetHints":{"allow":["GET"]}}],"collection":[{"href":"https:\/\/minimaxexpress.com\/fr\/wp-json\/wp\/v2\/pages"}],"about":[{"href":"https:\/\/minimaxexpress.com\/fr\/wp-json\/wp\/v2\/types\/page"}],"author":[{"embeddable":true,"href":"https:\/\/minimaxexpress.com\/fr\/wp-json\/wp\/v2\/users\/1"}],"replies":[{"embeddable":true,"href":"https:\/\/minimaxexpress.com\/fr\/wp-json\/wp\/v2\/comments?post=17"}],"version-history":[{"count":8,"href":"https:\/\/minimaxexpress.com\/fr\/wp-json\/wp\/v2\/pages\/17\/revisions"}],"predecessor-version":[{"id":1339,"href":"https:\/\/minimaxexpress.com\/fr\/wp-json\/wp\/v2\/pages\/17\/revisions\/1339"}],"up":[{"embeddable":true,"href":"https:\/\/minimaxexpress.com\/fr\/wp-json\/wp\/v2\/pages\/11"}],"wp:attachment":[{"href":"https:\/\/minimaxexpress.com\/fr\/wp-json\/wp\/v2\/media?parent=17"}],"curies":[{"name":"wp","href":"https:\/\/api.w.org\/{rel}","templated":true}]}}