{"id":15,"date":"2023-09-07T14:22:41","date_gmt":"2023-09-07T18:22:41","guid":{"rendered":"https:\/\/minimaxexpress.com\/ship\/schedule-a-pickup\/"},"modified":"2024-05-14T13:55:31","modified_gmt":"2024-05-14T17:55:31","slug":"schedule-a-pickup","status":"publish","type":"page","link":"https:\/\/minimaxexpress.com\/fr\/ship\/schedule-a-pickup\/","title":{"rendered":"Planifier Une Cueillette"},"content":{"rendered":"<p>Pour vous offrir un transport serein, il est essentiel de nous fournir des informations compl\u00e8tes et pr\u00e9cises lors de la planification d'une cueillette afin de faciliter l'exp\u00e9dition de vos marchandises. Les demandes de cueillette doivent \u00eatre soumises avant midi pour une cueillette le jour m\u00eame.<\/p>\n\n\n\n<p><strong>Voici les informations importantes \u00e0 nous communiquer lors d'une demande de cueillette :<\/strong><\/p>\n\n\n\n<h3 class=\"wp-block-heading\">D\u00e9tails de l'exp\u00e9diteur<\/h3>\n\n\n\n<ul class=\"wp-block-list\">\n<li>Nom de l'exp\u00e9diteur<\/li>\n\n\n\n<li>Adresse compl\u00e8te<\/li>\n\n\n\n<li>Coordonn\u00e9es de contact&nbsp;<\/li>\n\n\n\n<li>Heures d'ouverture<\/li>\n\n\n\n<li>Num\u00e9ros de r\u00e9f\u00e9rence exacts<\/li>\n\n\n\n<li>\u00c9quipement sp\u00e9cial requis chez l'exp\u00e9diteur<\/li>\n\n\n\n<li>Quel type de camion est n\u00e9cessaire sur place ? L'acc\u00e8s est-il possible our une remorque de 53' ?<\/li>\n<\/ul>\n\n\n\n<h3 class=\"wp-block-heading\">D\u00e9tails des marchandises<\/h3>\n\n\n\n<ul class=\"wp-block-list\">\n<li>Description des produits<\/li>\n\n\n\n<li>Poids et dimensions des marchandises \u00e0 exp\u00e9dier<\/li>\n<\/ul>\n\n\n\n<h3 class=\"wp-block-heading\">D\u00e9tails du destinataire<\/h3>\n\n\n\n<ul class=\"wp-block-list\">\n<li>Nom du destinataire<\/li>\n\n\n\n<li>Adresse compl\u00e8te<\/li>\n\n\n\n<li>Coordonn\u00e9es de contact&nbsp;<\/li>\n\n\n\n<li>Heures d'ouverture<\/li>\n\n\n\n<li>Num\u00e9ros de r\u00e9f\u00e9rence exacts<\/li>\n\n\n\n<li>Equipemet sp\u00e9cial requis chez le destinataire<\/li>\n\n\n\n<li>Quel type de camion est n\u00e9cessaire sur place? L'acc\u00e8s est-il possible pour une remorque de 53 pieds?<\/li>\n<\/ul>\n\n\n\n<div class=\"wp-block-buttons is-layout-flex wp-block-buttons-is-layout-flex\">\n<div class=\"wp-block-button file-pdf\"><a class=\"wp-block-button__link wp-element-button\" href=\"\/wp-content\/forms\/Minimax_Pickup_Request_Form_Fillable_FR.pdf\" target=\"_blank\" rel=\"noreferrer noopener\">T\u00e9l\u00e9charger le formulaire de cueillette<\/a><\/div>\n<\/div>","protected":false},"excerpt":{"rendered":"<p>In order for us to provide peace of mind transportation it is essential to provide complete and accurate information when scheduling a pickup to help make shipping your pallet as carefree as possible. Pickup requests should be submitted prior to 12pm for same-day pickup. Important information to provide when making a pickup request: Shipper Details [&hellip;]<\/p>\n","protected":false},"author":1,"featured_media":0,"parent":11,"menu_order":40,"comment_status":"closed","ping_status":"closed","template":"","meta":{"_acf_changed":false,"_et_pb_use_builder":"","_et_pb_old_content":"","_et_gb_content_width":"","footnotes":""},"class_list":["post-15","page","type-page","status-publish","hentry"],"acf":[],"_links":{"self":[{"href":"https:\/\/minimaxexpress.com\/fr\/wp-json\/wp\/v2\/pages\/15","targetHints":{"allow":["GET"]}}],"collection":[{"href":"https:\/\/minimaxexpress.com\/fr\/wp-json\/wp\/v2\/pages"}],"about":[{"href":"https:\/\/minimaxexpress.com\/fr\/wp-json\/wp\/v2\/types\/page"}],"author":[{"embeddable":true,"href":"https:\/\/minimaxexpress.com\/fr\/wp-json\/wp\/v2\/users\/1"}],"replies":[{"embeddable":true,"href":"https:\/\/minimaxexpress.com\/fr\/wp-json\/wp\/v2\/comments?post=15"}],"version-history":[{"count":8,"href":"https:\/\/minimaxexpress.com\/fr\/wp-json\/wp\/v2\/pages\/15\/revisions"}],"predecessor-version":[{"id":1001,"href":"https:\/\/minimaxexpress.com\/fr\/wp-json\/wp\/v2\/pages\/15\/revisions\/1001"}],"up":[{"embeddable":true,"href":"https:\/\/minimaxexpress.com\/fr\/wp-json\/wp\/v2\/pages\/11"}],"wp:attachment":[{"href":"https:\/\/minimaxexpress.com\/fr\/wp-json\/wp\/v2\/media?parent=15"}],"curies":[{"name":"wp","href":"https:\/\/api.w.org\/{rel}","templated":true}]}}