{"id":13,"date":"2023-09-07T14:22:41","date_gmt":"2023-09-07T18:22:41","guid":{"rendered":"https:\/\/minimaxexpress.com\/ship\/get-a-quote\/"},"modified":"2024-10-22T10:36:23","modified_gmt":"2024-10-22T14:36:23","slug":"get-a-quote","status":"publish","type":"page","link":"https:\/\/minimaxexpress.com\/fr\/ship\/get-a-quote\/","title":{"rendered":"Obtenez une Soumission"},"content":{"rendered":"<figure class=\"wp-block-image size-large\"><img loading=\"lazy\" decoding=\"async\" width=\"1024\" height=\"683\" src=\"https:\/\/minimaxexpress.com\/wp-content\/uploads\/2023\/11\/HWY_6-1024x683.jpg\" alt=\"\" class=\"wp-image-825\" srcset=\"https:\/\/minimaxexpress.com\/wp-content\/uploads\/2023\/11\/HWY_6-980x653.jpg 980w, https:\/\/minimaxexpress.com\/wp-content\/uploads\/2023\/11\/HWY_6-480x320.jpg 480w\" sizes=\"(min-width: 0px) and (max-width: 480px) 480px, (min-width: 481px) and (max-width: 980px) 980px, (min-width: 981px) 1024px, 100vw\" \/><\/figure>\n\n\n\n<p>Si vous avez d\u00e9j\u00e0 un compte avec Minimax, connectez-vous \u00e0 votre suivi et tra\u00e7abilit\u00e9 pour obtenir un devis. Si vous manquez d'informations de connexion pour le suivi et tra\u00e7abilit\u00e9, veuillez envoyer un courriel <a href=\"mailto:trackandtrace@minimaxexpress.com\"><\/a><a href=\"mailto:track@minimaxexpress.com\">track@minimaxexpress.com<\/a>.<\/p>","protected":false},"excerpt":{"rendered":"<p>If you have an account with Minimax already, log into your track and trace to get a quote. If you are missing login information for track and trace please email track@minimaxexpress.com.<\/p>","protected":false},"author":1,"featured_media":0,"parent":11,"menu_order":30,"comment_status":"closed","ping_status":"closed","template":"","meta":{"_acf_changed":false,"_et_pb_use_builder":"","_et_pb_old_content":"","_et_gb_content_width":"","footnotes":""},"class_list":["post-13","page","type-page","status-publish","hentry"],"acf":[],"_links":{"self":[{"href":"https:\/\/minimaxexpress.com\/fr\/wp-json\/wp\/v2\/pages\/13","targetHints":{"allow":["GET"]}}],"collection":[{"href":"https:\/\/minimaxexpress.com\/fr\/wp-json\/wp\/v2\/pages"}],"about":[{"href":"https:\/\/minimaxexpress.com\/fr\/wp-json\/wp\/v2\/types\/page"}],"author":[{"embeddable":true,"href":"https:\/\/minimaxexpress.com\/fr\/wp-json\/wp\/v2\/users\/1"}],"replies":[{"embeddable":true,"href":"https:\/\/minimaxexpress.com\/fr\/wp-json\/wp\/v2\/comments?post=13"}],"version-history":[{"count":7,"href":"https:\/\/minimaxexpress.com\/fr\/wp-json\/wp\/v2\/pages\/13\/revisions"}],"predecessor-version":[{"id":1257,"href":"https:\/\/minimaxexpress.com\/fr\/wp-json\/wp\/v2\/pages\/13\/revisions\/1257"}],"up":[{"embeddable":true,"href":"https:\/\/minimaxexpress.com\/fr\/wp-json\/wp\/v2\/pages\/11"}],"wp:attachment":[{"href":"https:\/\/minimaxexpress.com\/fr\/wp-json\/wp\/v2\/media?parent=13"}],"curies":[{"name":"wp","href":"https:\/\/api.w.org\/{rel}","templated":true}]}}