{"id":11,"date":"2023-09-07T14:22:41","date_gmt":"2023-09-07T18:22:41","guid":{"rendered":"https:\/\/minimaxexpress.com\/ship\/"},"modified":"2023-11-22T10:45:30","modified_gmt":"2023-11-22T15:45:30","slug":"ship","status":"publish","type":"page","link":"https:\/\/minimaxexpress.com\/fr\/ship\/","title":{"rendered":"Transport"},"content":{"rendered":"<h2 class=\"wp-block-heading\">Lancez-vous dans une exp\u00e9rience de transport fluide avec Minimax Logistique. <\/h2>\n\n\n\n<p>Notre section Transport est votre passerelle vers des solutions de transport efficaces et fiables. Que vous cherchiez \u00e0 obtenir rapidement une soumission, \u00e0 programmer une cueillette, \u00e0 g\u00e9rer votre documentation d'exp\u00e9dition ou \u00e0 suivre votre exp\u00e9dition en temps r\u00e9el, nous vous couvrons.<\/p>\n\n\n\n<p class=\"translation-block\"><a href=\"\/fr\/ship\/get-a-quote\/\" data-type=\"page\" data-id=\"13\" target=\"_self\">Obtenez une soumission<\/a> sans effort gr\u00e2ce \u00e0 notre tarification transparente, vous permettant de prendre des d\u00e9cisions \u00e9clair\u00e9es. <a href=\"\/fr\/ship\/schedule-a-pickup\/\" data-type=\"page\" data-id=\"15\" target=\"_self\">Programmez une cueillette<\/a> \u00e0 votre convenance, et notre \u00e9quipe d\u00e9vou\u00e9e assure un service ponctuel et fiable. Naviguez facilement dans la <a href=\"\/fr\/ship\/bill-of-lading\/\" data-type=\"page\" data-id=\"17\" target=\"_self\">documentation d'exp\u00e9dition<\/a>, simplifiant les proc\u00e9dures pour un voyage de transport plus fluide. Restez en contr\u00f4le avec notre <a href=\"http:\/\/track.minimaxexpress.com:36040\/\" target=\"_blank\" rel=\"noreferrer noopener\">fonction de suivi d'exp\u00e9dition<\/a> en temps r\u00e9el, offrant de la transparence du d\u00e9but \u00e0 la fin.<\/p>\n\n\n\n<p>Chez Minimax Logistique, nous mettons tout en \u0153uvre pour r\u00e9pondre \u00e0 vos besoins de transport, en vous offrant une gamme compl\u00e8te de services pour rendre votre parcours logistique le plus efficace et fluide possible. Faites-nous confiance, nous saurons vous offrir l'excellence \u00e0 chaque \u00e9tape.<\/p>","protected":false},"excerpt":{"rendered":"<p>Embark on a seamless shipping experience with Minimax Logistics. Our Ship section is your gateway to efficient and reliable shipping solutions. Whether you&#8217;re looking for a quick quote, need to schedule a pickup, manage your Bill of Lading, or track your shipment in real-time, we&#8217;ve got you covered. Get a Quote effortlessly with our transparent [&hellip;]<\/p>\n","protected":false},"author":1,"featured_media":824,"parent":0,"menu_order":20,"comment_status":"closed","ping_status":"closed","template":"","meta":{"_acf_changed":false,"_et_pb_use_builder":"","_et_pb_old_content":"","_et_gb_content_width":"","footnotes":""},"class_list":["post-11","page","type-page","status-publish","has-post-thumbnail","hentry"],"acf":[],"_links":{"self":[{"href":"https:\/\/minimaxexpress.com\/fr\/wp-json\/wp\/v2\/pages\/11","targetHints":{"allow":["GET"]}}],"collection":[{"href":"https:\/\/minimaxexpress.com\/fr\/wp-json\/wp\/v2\/pages"}],"about":[{"href":"https:\/\/minimaxexpress.com\/fr\/wp-json\/wp\/v2\/types\/page"}],"author":[{"embeddable":true,"href":"https:\/\/minimaxexpress.com\/fr\/wp-json\/wp\/v2\/users\/1"}],"replies":[{"embeddable":true,"href":"https:\/\/minimaxexpress.com\/fr\/wp-json\/wp\/v2\/comments?post=11"}],"version-history":[{"count":2,"href":"https:\/\/minimaxexpress.com\/fr\/wp-json\/wp\/v2\/pages\/11\/revisions"}],"predecessor-version":[{"id":852,"href":"https:\/\/minimaxexpress.com\/fr\/wp-json\/wp\/v2\/pages\/11\/revisions\/852"}],"wp:featuredmedia":[{"embeddable":true,"href":"https:\/\/minimaxexpress.com\/fr\/wp-json\/wp\/v2\/media\/824"}],"wp:attachment":[{"href":"https:\/\/minimaxexpress.com\/fr\/wp-json\/wp\/v2\/media?parent=11"}],"curies":[{"name":"wp","href":"https:\/\/api.w.org\/{rel}","templated":true}]}}